{"id":24231,"date":"2024-09-13T08:39:19","date_gmt":"2024-09-13T08:39:19","guid":{"rendered":"https:\/\/syniotec.com\/integrationen-von-drittanbietern\/"},"modified":"2026-05-06T13:41:16","modified_gmt":"2026-05-06T13:41:16","slug":"schnittstellen","status":"publish","type":"page","link":"https:\/\/syniotec.com\/de\/schnittstellen\/","title":{"rendered":"Integrationen von Drittanbietern"},"content":{"rendered":"\t\t<div data-elementor-type=\"wp-page\" data-elementor-id=\"24231\" class=\"elementor elementor-24231 elementor-8388\" data-elementor-post-type=\"page\">\n\t\t\t\t<div class=\"elementor-element elementor-element-b907e1d e-flex e-con-boxed e-con e-parent\" data-id=\"b907e1d\" data-element_type=\"container\" data-e-type=\"container\">\n\t\t\t\t\t<div class=\"e-con-inner\">\n\t\t<div class=\"elementor-element elementor-element-19a6a65 e-con-full e-flex e-con e-child\" data-id=\"19a6a65\" data-element_type=\"container\" data-e-type=\"container\">\n\t\t<div class=\"elementor-element elementor-element-eedb618 e-con-full e-flex e-con e-child\" data-id=\"eedb618\" data-element_type=\"container\" data-e-type=\"container\">\n\t\t\t\t<div class=\"elementor-element elementor-element-2163b5a elementor-widget elementor-widget-heading\" data-id=\"2163b5a\" data-element_type=\"widget\" data-e-type=\"widget\" data-widget_type=\"heading.default\">\n\t\t\t\t\t<h1 class=\"elementor-heading-title elementor-size-default\">Nahtlose Integration mit Drittsystemen <\/h1>\t\t\t\t<\/div>\n\t\t\t\t<div class=\"elementor-element elementor-element-c507e61 elementor-widget-tablet__width-inherit elementor-widget elementor-widget-text-editor\" data-id=\"c507e61\" data-element_type=\"widget\" data-e-type=\"widget\" data-widget_type=\"text-editor.default\">\n\t\t\t\t\t\t\t\t\t<p>Damit Unternehmen ihre Abl\u00e4ufe effizient gestalten k\u00f6nnen, m\u00fcssen unterschiedliche Systeme miteinander kommunizieren. Mit unseren Software-L\u00f6sungen bieten wir die perfekte L\u00f6sung: Nahtlose Schnittstellen zu Drittsystemen wie ERP-Systemen, die daf\u00fcr sorgen, dass deine Daten stets dort verf\u00fcgbar sind, wo du sie ben\u00f6tigst. <\/p>\t\t\t\t\t\t\t\t<\/div>\n\t\t\t\t<\/div>\n\t\t<div class=\"elementor-element elementor-element-4409e1f e-con-full e-flex e-con e-child\" data-id=\"4409e1f\" data-element_type=\"container\" data-e-type=\"container\">\n\t\t\t\t<div class=\"elementor-element elementor-element-12b1afe elementor-widget elementor-widget-image\" data-id=\"12b1afe\" data-element_type=\"widget\" data-e-type=\"widget\" data-widget_type=\"image.default\">\n\t\t\t\t\t\t\t\t\t\t\t\t\t\t\t<img decoding=\"async\" src=\"https:\/\/syniotec.com\/wp-content\/uploads\/2024\/09\/Schnittstellen-Page.png\" title=\"\" alt=\"\" loading=\"lazy\" \/>\t\t\t\t\t\t\t\t\t\t\t\t\t\t\t<\/div>\n\t\t\t\t<\/div>\n\t\t\t\t<\/div>\n\t\t\t\t\t<\/div>\n\t\t\t\t<\/div>\n\t\t<div class=\"elementor-element elementor-element-4e5f0c4 e-flex e-con-boxed e-con e-parent\" data-id=\"4e5f0c4\" data-element_type=\"container\" data-e-type=\"container\">\n\t\t\t\t\t<div class=\"e-con-inner\">\n\t\t<div class=\"elementor-element elementor-element-42ed9b3 e-con-full e-flex e-con e-child\" data-id=\"42ed9b3\" data-element_type=\"container\" data-e-type=\"container\">\n\t\t\t\t<div class=\"elementor-element elementor-element-52c35ab elementor-widget__width-auto elementor-widget-tablet__width-inherit elementor-widget elementor-widget-heading\" data-id=\"52c35ab\" data-element_type=\"widget\" data-e-type=\"widget\" data-widget_type=\"heading.default\">\n\t\t\t\t\t<h2 class=\"elementor-heading-title elementor-size-default\">Was bedeuten Schnittstellen f\u00fcr dein Unternehmen?<\/h2>\t\t\t\t<\/div>\n\t\t\t\t<div class=\"elementor-element elementor-element-8dc2733 elementor-widget-tablet__width-inherit elementor-widget elementor-widget-text-editor\" data-id=\"8dc2733\" data-element_type=\"widget\" data-e-type=\"widget\" data-widget_type=\"text-editor.default\">\n\t\t\t\t\t\t\t\t\t<p>Unsere <strong>SaaS-L\u00f6sungen<\/strong> <a href=\"https:\/\/syniotec.com\/de\/produkte\/software-bauunternehmen\/\">SAM f\u00fcr Bauunternehmen<\/a> und <a href=\"https:\/\/syniotec.com\/de\/produkte\/software-baumaschinenvermietung\/\">RAM f\u00fcr Vermieter <\/a>lassen sich problemlos mit den bestehenden Systemen deines Unternehmens verbinden, einschlie\u00dflich des internen <strong>ERP-Systems<\/strong>. Dies erm\u00f6glicht es, zentrale Daten in Echtzeit zu teilen und zu analysieren. So hast du jederzeit einen vollst\u00e4ndigen \u00dcberblick \u00fcber deine Ressourcen, Projekte, Vermietungen und Gesch\u00e4ftsabl\u00e4ufe \u2013 alles an einem Ort.  <\/p>\t\t\t\t\t\t\t\t<\/div>\n\t\t\t\t<div class=\"elementor-element elementor-element-6ca6fee elementor-widget elementor-widget-image\" data-id=\"6ca6fee\" data-element_type=\"widget\" data-e-type=\"widget\" data-widget_type=\"image.default\">\n\t\t\t\t\t\t\t\t\t\t\t\t\t\t\t<img decoding=\"async\" src=\"https:\/\/syniotec.com\/wp-content\/uploads\/2024\/09\/Schnittstellen-EN.png\" title=\"\" alt=\"\" loading=\"lazy\" \/>\t\t\t\t\t\t\t\t\t\t\t\t\t\t\t<\/div>\n\t\t\t\t<div class=\"elementor-element elementor-element-6fe59ad elementor-widget__width-auto elementor-widget-tablet__width-inherit elementor-widget elementor-widget-heading\" data-id=\"6fe59ad\" data-element_type=\"widget\" data-e-type=\"widget\" data-widget_type=\"heading.default\">\n\t\t\t\t\t<h3 class=\"elementor-heading-title elementor-size-default\">Die Vorteile von Schnittstellen und Integrationen <\/h3>\t\t\t\t<\/div>\n\t\t\t\t<div class=\"elementor-element elementor-element-546b70a elementor-widget__width-inherit elementor-widget-tablet__width-inherit elementor-widget elementor-widget-text-editor\" data-id=\"546b70a\" data-element_type=\"widget\" data-e-type=\"widget\" data-widget_type=\"text-editor.default\">\n\t\t\t\t\t\t\t\t\t<ul>\n<li><strong>Automatisierte Daten\u00fcbertragung<\/strong>: Durch die Integration zwischen unserer Software und dritten Systemen werden Daten automatisch synchronisiert, ohne dass manuelle Eingriffe n\u00f6tig sind.<\/li>\n<li><strong>Verbesserte Effizienz<\/strong>: Da alle relevanten Daten miteinander verkn\u00fcpft sind, sparst du Zeit und Ressourcen, die du sonst f\u00fcr den Abgleich unterschiedlicher Systeme aufwenden m\u00fcsstest.<\/li>\n<li><strong>Geringere Fehlerquote<\/strong>: Durch die automatische Synchronisierung deiner Daten vermeidest du Fehler, die bei manuellen Prozessen auftreten k\u00f6nnen.<\/li>\n<li><strong>Zentralisierte Datenansicht<\/strong>: Mit unseren Software-L\u00f6sungen hast du alle relevanten Informationen an einem Ort, was die Transparenz und Entscheidungsfindung erleichtert.<\/li>\n<\/ul>\n\t\t\t\t\t\t\t\t<\/div>\n\t\t\t\t<div class=\"elementor-element elementor-element-76520e5 elementor-widget__width-auto elementor-widget-tablet__width-inherit elementor-widget elementor-widget-heading\" data-id=\"76520e5\" data-element_type=\"widget\" data-e-type=\"widget\" data-widget_type=\"heading.default\">\n\t\t\t\t\t<h2 class=\"elementor-heading-title elementor-size-default\">Welche Systeme k\u00f6nnen integriert werden?<\/h2>\t\t\t\t<\/div>\n\t\t\t\t<div class=\"elementor-element elementor-element-254b4d0 elementor-widget__width-inherit elementor-widget-tablet__width-inherit elementor-widget elementor-widget-text-editor\" data-id=\"254b4d0\" data-element_type=\"widget\" data-e-type=\"widget\" data-widget_type=\"text-editor.default\">\n\t\t\t\t\t\t\t\t\t<p>Unsere Softwarel\u00f6sungen <a href=\"https:\/\/syniotec.com\/de\/produkte\/software-bauunternehmen\/\">SAM<\/a> &#038; <a href=\"https:\/\/syniotec.com\/de\/produkte\/software-baumaschinenvermietung\/\">RAM<\/a> unterst\u00fctzen die Integration einer Vielzahl von <strong>Systemen<\/strong> und wichtigen Unternehmensanwendungen, wie z.B.:<\/p><ul><li>Finanz- und Buchhaltungssoftware<\/li><li>Lagerverwaltungssysteme<\/li><li>HR-Tools f\u00fcr die Personalverwaltung<\/li><li>CRM-Systeme f\u00fcr den Kundenservice<\/li><\/ul>\t\t\t\t\t\t\t\t<\/div>\n\t\t\t\t<div class=\"elementor-element elementor-element-82b5bea elementor-widget__width-inherit elementor-widget-tablet__width-inherit elementor-widget elementor-widget-text-editor\" data-id=\"82b5bea\" data-element_type=\"widget\" data-e-type=\"widget\" data-widget_type=\"text-editor.default\">\n\t\t\t\t\t\t\t\t\t<p>Wenn dein Unternehmen bereits ein System nutzt, das f\u00fcr die internen Gesch\u00e4ftsprozesse unerl\u00e4sslich ist, k\u00fcmmern wir uns darum, dass es reibungslos mit unserer Software zusammenarbeitet.<\/p>\t\t\t\t\t\t\t\t<\/div>\n\t\t\t\t<div class=\"elementor-element elementor-element-372d47a elementor-widget__width-auto elementor-widget-tablet__width-inherit elementor-widget elementor-widget-heading\" data-id=\"372d47a\" data-element_type=\"widget\" data-e-type=\"widget\" data-widget_type=\"heading.default\">\n\t\t\t\t\t<h2 class=\"elementor-heading-title elementor-size-default\">Wie funktioniert die Integration?<\/h2>\t\t\t\t<\/div>\n\t\t\t\t<div class=\"elementor-element elementor-element-41bafe6 elementor-widget__width-inherit elementor-widget-tablet__width-inherit elementor-widget elementor-widget-text-editor\" data-id=\"41bafe6\" data-element_type=\"widget\" data-e-type=\"widget\" data-widget_type=\"text-editor.default\">\n\t\t\t\t\t\t\t\t\t<p>Wir haben bereits Schnittstellen zu vielen g\u00e4ngigen Systemen eingerichtet. Diese erm\u00f6glichen eine schnelle und unkomplizierte Integration, sodass deine Daten nahtlos zwischen den Systemen ausgetauscht werden k\u00f6nnen.  <\/p>\n<\/p>\n<p>Sollte dein Unternehmen spezielle Anforderungen haben oder ein System nutzen, f\u00fcr das aktuell noch keine Schnittstelle vorhanden ist, ist das kein Problem. In diesen F\u00e4llen f\u00e4llt ein gewisser <strong>Entwicklungsaufwand<\/strong> an, um die Integration ma\u00dfgeschneidert f\u00fcr dein Unternehmen zu realisieren.  <\/p>\n<\/p>\n<p><strong>Kontaktiere uns gerne,<\/strong> um mehr \u00fcber die vorhandenen Schnittstellen und m\u00f6gliche individuelle L\u00f6sungen zu erfahren. Unser Team unterst\u00fctzt dich dabei, die beste L\u00f6sung zu finden.  <\/p>\n\t\t\t\t\t\t\t\t<\/div>\n\t\t\t\t<div class=\"elementor-element elementor-element-533f0a8 elementor-widget__width-auto elementor-widget-tablet__width-inherit elementor-widget elementor-widget-text-editor\" data-id=\"533f0a8\" data-element_type=\"widget\" data-e-type=\"widget\" data-widget_type=\"text-editor.default\">\n\t\t\t\t\t\t\t\t\t<p>Auszug aus m\u00f6glichen Schnittstellen zu ERP-Systemen:<\/p>\n\t\t\t\t\t\t\t\t<\/div>\n\t\t<div class=\"elementor-element elementor-element-427ae9e e-grid e-con-full e-con e-child\" data-id=\"427ae9e\" data-element_type=\"container\" data-e-type=\"container\">\n\t\t\t\t<div class=\"elementor-element elementor-element-b680914 elementor-widget elementor-widget-image\" data-id=\"b680914\" data-element_type=\"widget\" data-e-type=\"widget\" data-widget_type=\"image.default\">\n\t\t\t\t\t\t\t\t\t\t\t\t\t\t\t<img decoding=\"async\" src=\"https:\/\/syniotec.com\/wp-content\/uploads\/2024\/04\/bausu.svg\" title=\"\" alt=\"\" loading=\"lazy\" \/>\t\t\t\t\t\t\t\t\t\t\t\t\t\t\t<\/div>\n\t\t\t\t<div class=\"elementor-element elementor-element-8e9fb4f elementor-widget elementor-widget-image\" data-id=\"8e9fb4f\" data-element_type=\"widget\" data-e-type=\"widget\" data-widget_type=\"image.default\">\n\t\t\t\t\t\t\t\t\t\t\t\t\t\t\t<img decoding=\"async\" src=\"https:\/\/syniotec.com\/wp-content\/uploads\/2024\/04\/sap.svg\" title=\"\" alt=\"\" loading=\"lazy\" \/>\t\t\t\t\t\t\t\t\t\t\t\t\t\t\t<\/div>\n\t\t\t\t<div class=\"elementor-element elementor-element-1c2d264 elementor-widget elementor-widget-image\" data-id=\"1c2d264\" data-element_type=\"widget\" data-e-type=\"widget\" data-widget_type=\"image.default\">\n\t\t\t\t\t\t\t\t\t\t\t\t\t\t\t<img decoding=\"async\" src=\"https:\/\/syniotec.com\/wp-content\/uploads\/2024\/04\/infor.svg\" title=\"\" alt=\"\" loading=\"lazy\" \/>\t\t\t\t\t\t\t\t\t\t\t\t\t\t\t<\/div>\n\t\t\t\t<div class=\"elementor-element elementor-element-b598ee4 elementor-widget elementor-widget-image\" data-id=\"b598ee4\" data-element_type=\"widget\" data-e-type=\"widget\" data-widget_type=\"image.default\">\n\t\t\t\t\t\t\t\t\t\t\t\t\t\t\t<img decoding=\"async\" src=\"https:\/\/syniotec.com\/wp-content\/uploads\/2024\/04\/microsoft-dynamics.svg\" title=\"\" alt=\"\" loading=\"lazy\" \/>\t\t\t\t\t\t\t\t\t\t\t\t\t\t\t<\/div>\n\t\t\t\t<div class=\"elementor-element elementor-element-3f5f972 elementor-widget elementor-widget-image\" data-id=\"3f5f972\" data-element_type=\"widget\" data-e-type=\"widget\" data-widget_type=\"image.default\">\n\t\t\t\t\t\t\t\t\t\t\t\t\t\t\t<img decoding=\"async\" src=\"https:\/\/syniotec.com\/wp-content\/uploads\/2024\/04\/brz.svg\" title=\"\" alt=\"\" loading=\"lazy\" \/>\t\t\t\t\t\t\t\t\t\t\t\t\t\t\t<\/div>\n\t\t\t\t<div class=\"elementor-element elementor-element-3ea5b36 elementor-widget elementor-widget-image\" data-id=\"3ea5b36\" data-element_type=\"widget\" data-e-type=\"widget\" data-widget_type=\"image.default\">\n\t\t\t\t\t\t\t\t\t\t\t\t\t\t\t<img decoding=\"async\" src=\"https:\/\/syniotec.com\/wp-content\/uploads\/2024\/04\/as400.svg\" title=\"\" alt=\"\" loading=\"lazy\" \/>\t\t\t\t\t\t\t\t\t\t\t\t\t\t\t<\/div>\n\t\t\t\t<\/div>\n\t\t\t\t<\/div>\n\t\t\t\t\t<\/div>\n\t\t\t\t<\/div>\n\t\t<div class=\"elementor-element elementor-element-48d8437d e-con-full e-flex e-con e-parent\" data-id=\"48d8437d\" data-element_type=\"container\" data-e-type=\"container\">\n\t\t\t\t<div class=\"elementor-element elementor-element-c410cbf elementor-widget elementor-widget-template\" data-id=\"c410cbf\" data-element_type=\"widget\" data-e-type=\"widget\" data-widget_type=\"template.default\">\n\t\t\t\t<div class=\"elementor-widget-container\">\n\t\t\t\t\t\t\t<div class=\"elementor-template\">\n\t\t\t\t\t<div data-elementor-type=\"container\" data-elementor-id=\"22330\" class=\"elementor elementor-22330 elementor-18323 elementor-18323\" data-elementor-post-type=\"elementor_library\">\n\t\t\t\t<div class=\"elementor-element elementor-element-b613647 e-flex e-con-boxed e-con e-parent\" data-id=\"b613647\" data-element_type=\"container\" data-e-type=\"container\" data-settings=\"{&quot;background_background&quot;:&quot;classic&quot;}\">\n\t\t\t\t\t<div class=\"e-con-inner\">\n\t\t<div class=\"elementor-element elementor-element-1131b5d e-con-full e-flex e-con e-child\" data-id=\"1131b5d\" data-element_type=\"container\" data-e-type=\"container\">\n\t\t<div class=\"elementor-element elementor-element-41167a3 e-con-full e-flex e-con e-child\" data-id=\"41167a3\" data-element_type=\"container\" data-e-type=\"container\">\n\t\t\t\t<div class=\"elementor-element elementor-element-e8e95d9 elementor-widget-tablet__width-inherit elementor-widget elementor-widget-heading\" data-id=\"e8e95d9\" data-element_type=\"widget\" data-e-type=\"widget\" data-widget_type=\"heading.default\">\n\t\t\t\t\t<h2 class=\"elementor-heading-title elementor-size-default\">Dein Kontakt<\/h2>\t\t\t\t<\/div>\n\t\t\t\t<div class=\"elementor-element elementor-element-76aaaa6 elementor-widget-tablet__width-initial elementor-widget elementor-widget-text-editor\" data-id=\"76aaaa6\" data-element_type=\"widget\" data-e-type=\"widget\" data-widget_type=\"text-editor.default\">\n\t\t\t\t\t\t\t\t\t<p>Wenn du an einer Zusammenarbeit mit uns interessiert sind, z\u00f6ger nicht, uns zu kontaktieren.<\/p>\t\t\t\t\t\t\t\t<\/div>\n\t\t\t\t<\/div>\n\t\t<div class=\"elementor-element elementor-element-53e3588 e-con-full e-flex e-con e-child\" data-id=\"53e3588\" data-element_type=\"container\" data-e-type=\"container\">\n\t\t\t\t<div class=\"elementor-element elementor-element-56a4ad43 elementor-position-top elementor-widget elementor-widget-image-box\" data-id=\"56a4ad43\" data-element_type=\"widget\" data-e-type=\"widget\" data-widget_type=\"image-box.default\">\n\t\t\t\t\t<div class=\"elementor-image-box-wrapper\"><figure class=\"elementor-image-box-img\"><a href=\"mailto:p.kuhna@syniotec.com\" target=\"_blank\" rel=\"nofollow\" tabindex=\"-1\"><img decoding=\"async\" src=\"https:\/\/syniotec.com\/wp-content\/uploads\/2024\/07\/Kuhna-1.png\" title=\"\" alt=\"\" loading=\"lazy\" \/><\/a><\/figure><div class=\"elementor-image-box-content\"><h3 class=\"elementor-image-box-title\"><a href=\"mailto:p.kuhna@syniotec.com\" target=\"_blank\" rel=\"nofollow\">Patrik Hoeft-Kuhna<\/a><\/h3><p class=\"elementor-image-box-description\">Head of Product \u2013 RAM<br \/>p.kuhna@syniotec.com<\/p><\/div><\/div>\t\t\t\t<\/div>\n\t\t\t\t<\/div>\n\t\t\t\t<\/div>\n\t\t\t\t\t<\/div>\n\t\t\t\t<\/div>\n\t\t\t\t<\/div>\n\t\t\t\t<\/div>\n\t\t\t\t\t\t<\/div>\n\t\t\t\t<\/div>\n\t\t\t\t<\/div>\n\t\t<div class=\"elementor-element elementor-element-119ad3c e-con-full e-flex e-con e-parent\" data-id=\"119ad3c\" data-element_type=\"container\" data-e-type=\"container\">\n\t\t\t\t<div class=\"elementor-element elementor-element-6a2ac7b elementor-widget elementor-widget-template\" data-id=\"6a2ac7b\" data-element_type=\"widget\" data-e-type=\"widget\" data-widget_type=\"template.default\">\n\t\t\t\t<div class=\"elementor-widget-container\">\n\t\t\t\t\t\t\t<div class=\"elementor-template\">\n\t\t\t\t\t<div data-elementor-type=\"container\" data-elementor-id=\"23883\" class=\"elementor elementor-23883 elementor-17668 elementor-17668\" data-elementor-post-type=\"elementor_library\">\n\t\t\t\t<div class=\"elementor-element elementor-element-7c01d9af e-con-full e-flex e-con e-child\" data-id=\"7c01d9af\" data-element_type=\"container\" data-e-type=\"container\">\n\t\t<div class=\"elementor-element elementor-element-d58dd0d e-flex e-con-boxed e-con e-child\" data-id=\"d58dd0d\" data-element_type=\"container\" data-e-type=\"container\">\n\t\t\t\t\t<div class=\"e-con-inner\">\n\t\t\t\t<div class=\"elementor-element elementor-element-7b90898 elementor-widget__width-initial elementor-widget elementor-widget-heading\" data-id=\"7b90898\" data-element_type=\"widget\" data-e-type=\"widget\" data-widget_type=\"heading.default\">\n\t\t\t\t\t<h2 class=\"elementor-heading-title elementor-size-default\">Deine Vorteile beschr\u00e4nken sich nicht nur auf die Software.<\/h2>\t\t\t\t<\/div>\n\t\t<div class=\"elementor-element elementor-element-1411089 e-flex e-con-boxed e-con e-child\" data-id=\"1411089\" data-element_type=\"container\" data-e-type=\"container\">\n\t\t\t\t\t<div class=\"e-con-inner\">\n\t\t\t\t<div class=\"elementor-element elementor-element-76563831 elementor-position-top elementor-widget__width-initial elementor-position-top elementor-widget elementor-widget-image-box\" data-id=\"76563831\" data-element_type=\"widget\" data-e-type=\"widget\" data-widget_type=\"image-box.default\">\n\t\t\t\t\t<div class=\"elementor-image-box-wrapper\"><figure class=\"elementor-image-box-img\"><a href=\"https:\/\/syniotec.com\/de\/kundenservice\/\" tabindex=\"-1\"><img fetchpriority=\"high\" decoding=\"async\" width=\"310\" height=\"310\" src=\"https:\/\/syniotec.com\/wp-content\/uploads\/2026\/04\/1-3-1.png\" class=\"attachment-full size-full wp-image-23884\" alt=\"\" srcset=\"https:\/\/syniotec.com\/wp-content\/uploads\/2026\/04\/1-3-1.png 310w, https:\/\/syniotec.com\/wp-content\/uploads\/2026\/04\/1-3-1-300x300.png 300w, https:\/\/syniotec.com\/wp-content\/uploads\/2026\/04\/1-3-1-150x150.png 150w\" sizes=\"(max-width: 310px) 100vw, 310px\" \/><\/a><\/figure><div class=\"elementor-image-box-content\"><h3 class=\"elementor-image-box-title\"><a href=\"https:\/\/syniotec.com\/de\/kundenservice\/\">Kundenservice<\/a><\/h3><p class=\"elementor-image-box-description\"><span class=\"content-cta-boxes\">Wir bei syniotec verstehen, dass der Erfolg unserer Kunden nicht nur von unseren Produkten, sondern auch von unserem Service abh\u00e4ngt. Unser Service umfasst verschiedene Ma\u00dfnahmen, um sicherzustellen, dass du das Beste aus unseren L\u00f6sungen herausholst.  <\/span>\n\n<a class=\"inner-read-more\" href=\"kundenservice\/\">Mehr \u00fcber unseren Service<\/a><\/p><\/div><\/div>\t\t\t\t<\/div>\n\t\t\t\t<div class=\"elementor-element elementor-element-72166104 elementor-position-top elementor-widget__width-initial elementor-position-top elementor-widget elementor-widget-image-box\" data-id=\"72166104\" data-element_type=\"widget\" data-e-type=\"widget\" data-widget_type=\"image-box.default\">\n\t\t\t\t\t<div class=\"elementor-image-box-wrapper\"><figure class=\"elementor-image-box-img\"><a href=\"https:\/\/syniotec.com\/de\/schnittstellen\/\" tabindex=\"-1\"><img decoding=\"async\" width=\"310\" height=\"310\" src=\"https:\/\/syniotec.com\/wp-content\/uploads\/2026\/04\/Mask-Group-1587-1.png\" class=\"attachment-full size-full wp-image-23885\" alt=\"\" srcset=\"https:\/\/syniotec.com\/wp-content\/uploads\/2026\/04\/Mask-Group-1587-1.png 310w, https:\/\/syniotec.com\/wp-content\/uploads\/2026\/04\/Mask-Group-1587-1-300x300.png 300w, https:\/\/syniotec.com\/wp-content\/uploads\/2026\/04\/Mask-Group-1587-1-150x150.png 150w\" sizes=\"(max-width: 310px) 100vw, 310px\" \/><\/a><\/figure><div class=\"elementor-image-box-content\"><h3 class=\"elementor-image-box-title\"><a href=\"https:\/\/syniotec.com\/de\/schnittstellen\/\">Schnittstellen<\/a><\/h3><p class=\"elementor-image-box-description\"><span class=\"content-cta-boxes\">Unsere L\u00f6sungen erm\u00f6glichen den Datenaustausch mit einer Vielzahl von Drittanbietern, um maximale Flexibilit\u00e4t zu bieten. Besonderen Wert legen wir auf die nahtlose Integration in bestehende ERP-Systeme.  <\/span>\n\n<a class=\"inner-read-more\" href=\"schnittstellen\/\">Zu allen Schnittstellen<\/a><\/p><\/div><\/div>\t\t\t\t<\/div>\n\t\t\t\t<div class=\"elementor-element elementor-element-480522b3 elementor-position-top elementor-widget__width-initial elementor-position-top elementor-widget elementor-widget-image-box\" data-id=\"480522b3\" data-element_type=\"widget\" data-e-type=\"widget\" data-widget_type=\"image-box.default\">\n\t\t\t\t\t<div class=\"elementor-image-box-wrapper\"><figure class=\"elementor-image-box-img\"><a href=\"https:\/\/syniotec.com\/de\/kostenloses-angebot\/\" tabindex=\"-1\"><img decoding=\"async\" width=\"310\" height=\"310\" src=\"https:\/\/syniotec.com\/wp-content\/uploads\/2026\/04\/Tablet-Extended.png\" class=\"attachment-full size-full wp-image-23886\" alt=\"\" srcset=\"https:\/\/syniotec.com\/wp-content\/uploads\/2026\/04\/Tablet-Extended.png 310w, https:\/\/syniotec.com\/wp-content\/uploads\/2026\/04\/Tablet-Extended-300x300.png 300w, https:\/\/syniotec.com\/wp-content\/uploads\/2026\/04\/Tablet-Extended-150x150.png 150w\" sizes=\"(max-width: 310px) 100vw, 310px\" \/><\/a><\/figure><div class=\"elementor-image-box-content\"><h3 class=\"elementor-image-box-title\"><a href=\"https:\/\/syniotec.com\/de\/kostenloses-angebot\/\">Kostenloses Angebot<\/a><\/h3><p class=\"elementor-image-box-description\"><span class=\"content-cta-boxes\">Neugierig? Fordere jetzt ein individuelles und kostenloses Angebot an. Unsere Experten werden sich umgehend bei dir melden, um alle Details zu besprechen und dir unsere L\u00f6sungen vorzustellen.   <\/span>\n\n<a class=\"inner-read-more\" href=\"kostenloses-angebot\/\">Zum kostenlosen Angebot<\/a><\/p><\/div><\/div>\t\t\t\t<\/div>\n\t\t\t\t\t<\/div>\n\t\t\t\t<\/div>\n\t\t\t\t\t<\/div>\n\t\t\t\t<\/div>\n\t\t\t\t<\/div>\n\t\t\t\t<\/div>\n\t\t\t\t<\/div>\n\t\t\t\t\t\t<\/div>\n\t\t\t\t<\/div>\n\t\t\t\t<\/div>\n\t\t\t\t<\/div>\n\t\t","protected":false},"excerpt":{"rendered":"<p>Nahtlose Integration mit Drittsystemen Damit Unternehmen ihre Abl\u00e4ufe effizient gestalten k\u00f6nnen, m\u00fcssen unterschiedliche Systeme miteinander kommunizieren. Mit unseren Software-L\u00f6sungen bieten wir die perfekte L\u00f6sung: Nahtlose Schnittstellen zu Drittsystemen wie ERP-Systemen, die daf\u00fcr sorgen, dass deine Daten stets dort verf\u00fcgbar sind, wo du sie ben\u00f6tigst. Was bedeuten Schnittstellen f\u00fcr dein Unternehmen? Unsere SaaS-L\u00f6sungen SAM f\u00fcr Bauunternehmen [&hellip;]<\/p>\n","protected":false},"author":2,"featured_media":0,"parent":0,"menu_order":0,"comment_status":"closed","ping_status":"closed","template":"","meta":{"footnotes":""},"class_list":["post-24231","page","type-page","status-publish","hentry"],"_links":{"self":[{"href":"https:\/\/syniotec.com\/de\/wp-json\/wp\/v2\/pages\/24231","targetHints":{"allow":["GET"]}}],"collection":[{"href":"https:\/\/syniotec.com\/de\/wp-json\/wp\/v2\/pages"}],"about":[{"href":"https:\/\/syniotec.com\/de\/wp-json\/wp\/v2\/types\/page"}],"author":[{"embeddable":true,"href":"https:\/\/syniotec.com\/de\/wp-json\/wp\/v2\/users\/2"}],"replies":[{"embeddable":true,"href":"https:\/\/syniotec.com\/de\/wp-json\/wp\/v2\/comments?post=24231"}],"version-history":[{"count":5,"href":"https:\/\/syniotec.com\/de\/wp-json\/wp\/v2\/pages\/24231\/revisions"}],"predecessor-version":[{"id":25248,"href":"https:\/\/syniotec.com\/de\/wp-json\/wp\/v2\/pages\/24231\/revisions\/25248"}],"wp:attachment":[{"href":"https:\/\/syniotec.com\/de\/wp-json\/wp\/v2\/media?parent=24231"}],"curies":[{"name":"wp","href":"https:\/\/api.w.org\/{rel}","templated":true}]}}