{"id":21882,"date":"2025-01-31T14:10:54","date_gmt":"2025-01-31T14:10:54","guid":{"rendered":"https:\/\/syniotec.com\/libro-blanco\/"},"modified":"2026-04-30T10:08:12","modified_gmt":"2026-04-30T10:08:12","slug":"libro-blanco","status":"publish","type":"page","link":"https:\/\/syniotec.com\/es\/libro-blanco\/","title":{"rendered":"Libro Blanco"},"content":{"rendered":"\t\t<div data-elementor-type=\"wp-page\" data-elementor-id=\"21882\" class=\"elementor elementor-21882 elementor-11214\" data-elementor-post-type=\"page\">\n\t\t\t\t<div class=\"elementor-element elementor-element-86bb0d5 e-flex e-con-boxed e-con e-parent\" data-id=\"86bb0d5\" data-element_type=\"container\" data-e-type=\"container\">\n\t\t\t\t\t<div class=\"e-con-inner\">\n\t\t<div class=\"elementor-element elementor-element-e5cefa1 e-con-full e-flex e-con e-child\" data-id=\"e5cefa1\" data-element_type=\"container\" data-e-type=\"container\">\n\t\t<div class=\"elementor-element elementor-element-4de389d e-con-full e-flex e-con e-child\" data-id=\"4de389d\" data-element_type=\"container\" data-e-type=\"container\">\n\t\t\t\t<div class=\"elementor-element elementor-element-da31251 elementor-widget elementor-widget-heading\" data-id=\"da31251\" data-element_type=\"widget\" data-e-type=\"widget\" data-widget_type=\"heading.default\">\n\t\t\t\t\t<h1 class=\"elementor-heading-title elementor-size-default\">El 1x1 de la Inteligencia Artificial en el sector de la construcci\u00f3n<\/h1>\t\t\t\t<\/div>\n\t\t\t\t<div class=\"elementor-element elementor-element-a777de5 elementor-widget elementor-widget-text-editor\" data-id=\"a777de5\" data-element_type=\"widget\" data-e-type=\"widget\" data-widget_type=\"text-editor.default\">\n\t\t\t\t\t\t\t\t\t<p>\u00bfQu\u00e9 es la IA? \u00bfC\u00f3mo se puede utilizar en el sector de la construcci\u00f3n? \u00bfY qu\u00e9 pasos son necesarios para integrar la IA de forma rentable?  <\/p><p>Desc\u00e1rgate gratis el PDF \u00abEl 1&#215;1 de la Inteligencia Artificial en el sector de la construcci\u00f3n\u00bb y \u00a1desc\u00fabrelo!<\/p>\t\t\t\t\t\t\t\t<\/div>\n\t\t\t\t<div class=\"elementor-element elementor-element-938d853 elementor-widget-divider--view-line elementor-widget elementor-widget-divider\" data-id=\"938d853\" data-element_type=\"widget\" data-e-type=\"widget\" data-widget_type=\"divider.default\">\n\t\t\t\t\t\t\t<div class=\"elementor-divider\">\n\t\t\t<span class=\"elementor-divider-separator\">\n\t\t\t\t\t\t<\/span>\n\t\t<\/div>\n\t\t\t\t\t\t<\/div>\n\t\t\t\t<div class=\"elementor-element elementor-element-4b47ebf elementor-hidden-tablet elementor-hidden-mobile elementor-widget elementor-widget-html\" data-id=\"4b47ebf\" data-element_type=\"widget\" data-e-type=\"widget\" data-widget_type=\"html.default\">\n\t\t\t\t\t<iframe aria-label=\"Das 1x1 der k\u00fcsntlichen Intelligenz in der Baubranche\" frameborder=\"0\" style=\"height:730px;width:100%;border:none;\" src=\"https:\/\/forms.zohopublic.eu\/syniotec1\/form\/WhitepaperCampaign\/formperma\/rbdDqbysdjka1Jy6GQpQFd69ijS-9-xCsNr01zGaW5g\"><\/iframe>\t\t\t\t<\/div>\n\t\t\t\t<\/div>\n\t\t<div class=\"elementor-element elementor-element-479d59e e-con-full e-flex e-con e-child\" data-id=\"479d59e\" data-element_type=\"container\" data-e-type=\"container\">\n\t\t\t\t<div class=\"elementor-element elementor-element-57b34a5 elementor-icon-list--layout-traditional elementor-list-item-link-full_width elementor-widget elementor-widget-icon-list\" data-id=\"57b34a5\" data-element_type=\"widget\" data-e-type=\"widget\" data-widget_type=\"icon-list.default\">\n\t\t\t\t\t\t\t<ul class=\"elementor-icon-list-items\">\n\t\t\t\t\t\t\t<li class=\"elementor-icon-list-item\">\n\t\t\t\t\t\t\t\t\t\t\t<span class=\"elementor-icon-list-icon\">\n\t\t\t\t\t\t\t<svg aria-hidden=\"true\" class=\"e-font-icon-svg e-fas-check\" viewBox=\"0 0 512 512\" xmlns=\"http:\/\/www.w3.org\/2000\/svg\"><path d=\"M173.898 439.404l-166.4-166.4c-9.997-9.997-9.997-26.206 0-36.204l36.203-36.204c9.997-9.998 26.207-9.998 36.204 0L192 312.69 432.095 72.596c9.997-9.997 26.207-9.997 36.204 0l36.203 36.204c9.997 9.997 9.997 26.206 0 36.204l-294.4 294.401c-9.998 9.997-26.207 9.997-36.204-.001z\"><\/path><\/svg>\t\t\t\t\t\t<\/span>\n\t\t\t\t\t\t\t\t\t\t<span class=\"elementor-icon-list-text\">Gratuito y pr\u00e1ctico<\/span>\n\t\t\t\t\t\t\t\t\t<\/li>\n\t\t\t\t\t\t\t\t<li class=\"elementor-icon-list-item\">\n\t\t\t\t\t\t\t\t\t\t\t<span class=\"elementor-icon-list-icon\">\n\t\t\t\t\t\t\t<svg aria-hidden=\"true\" class=\"e-font-icon-svg e-fas-check\" viewBox=\"0 0 512 512\" xmlns=\"http:\/\/www.w3.org\/2000\/svg\"><path d=\"M173.898 439.404l-166.4-166.4c-9.997-9.997-9.997-26.206 0-36.204l36.203-36.204c9.997-9.998 26.207-9.998 36.204 0L192 312.69 432.095 72.596c9.997-9.997 26.207-9.997 36.204 0l36.203 36.204c9.997 9.997 9.997 26.206 0 36.204l-294.4 294.401c-9.998 9.997-26.207 9.997-36.204-.001z\"><\/path><\/svg>\t\t\t\t\t\t<\/span>\n\t\t\t\t\t\t\t\t\t\t<span class=\"elementor-icon-list-text\">Perspectivas de la IA para el sector de la construcci\u00f3n<\/span>\n\t\t\t\t\t\t\t\t\t<\/li>\n\t\t\t\t\t\t\t\t<li class=\"elementor-icon-list-item\">\n\t\t\t\t\t\t\t\t\t\t\t<span class=\"elementor-icon-list-icon\">\n\t\t\t\t\t\t\t<svg aria-hidden=\"true\" class=\"e-font-icon-svg e-fas-check\" viewBox=\"0 0 512 512\" xmlns=\"http:\/\/www.w3.org\/2000\/svg\"><path d=\"M173.898 439.404l-166.4-166.4c-9.997-9.997-9.997-26.206 0-36.204l36.203-36.204c9.997-9.998 26.207-9.998 36.204 0L192 312.69 432.095 72.596c9.997-9.997 26.207-9.997 36.204 0l36.203 36.204c9.997 9.997 9.997 26.206 0 36.204l-294.4 294.401c-9.998 9.997-26.207 9.997-36.204-.001z\"><\/path><\/svg>\t\t\t\t\t\t<\/span>\n\t\t\t\t\t\t\t\t\t\t<span class=\"elementor-icon-list-text\">Buenas pr\u00e1cticas y casos de uso<\/span>\n\t\t\t\t\t\t\t\t\t<\/li>\n\t\t\t\t\t\t<\/ul>\n\t\t\t\t\t\t<\/div>\n\t\t\t\t<div class=\"elementor-element elementor-element-8161ab4 elementor-widget elementor-widget-image\" data-id=\"8161ab4\" data-element_type=\"widget\" data-e-type=\"widget\" data-widget_type=\"image.default\">\n\t\t\t\t\t\t\t\t\t\t\t\t\t\t\t<img decoding=\"async\" src=\"https:\/\/syniotec.com\/wp-content\/uploads\/2025\/01\/syniotec-whitepaper-v2.webp\" title=\"\" alt=\"\" loading=\"lazy\" \/>\t\t\t\t\t\t\t\t\t\t\t\t\t\t\t<\/div>\n\t\t\t\t<\/div>\n\t\t\t\t<\/div>\n\t\t\t\t\t<\/div>\n\t\t\t\t<\/div>\n\t\t<div class=\"elementor-element elementor-element-8a15135 elementor-hidden-desktop e-flex e-con-boxed e-con e-parent\" data-id=\"8a15135\" data-element_type=\"container\" data-e-type=\"container\">\n\t\t\t\t\t<div class=\"e-con-inner\">\n\t\t<div class=\"elementor-element elementor-element-f60e863 e-con-full e-flex e-con e-child\" data-id=\"f60e863\" data-element_type=\"container\" data-e-type=\"container\">\n\t\t\t\t<div class=\"elementor-element elementor-element-b8424bf elementor-widget__width-inherit elementor-hidden-desktop elementor-widget elementor-widget-html\" data-id=\"b8424bf\" data-element_type=\"widget\" data-e-type=\"widget\" data-widget_type=\"html.default\">\n\t\t\t\t\t<iframe aria-label=\"Das 1x1 der k\u00fcsntlichen Intelligenz in der Baubranche\" frameborder=\"0\" style=\"height:730px;width:100%;border:none;\" src=\"https:\/\/forms.zohopublic.eu\/syniotec1\/form\/WhitepaperCampaign\/formperma\/rbdDqbysdjka1Jy6GQpQFd69ijS-9-xCsNr01zGaW5g\"><\/iframe>\t\t\t\t<\/div>\n\t\t\t\t<\/div>\n\t\t\t\t\t<\/div>\n\t\t\t\t<\/div>\n\t\t<div class=\"elementor-element elementor-element-0134edc e-flex e-con-boxed e-con e-parent\" data-id=\"0134edc\" data-element_type=\"container\" data-e-type=\"container\">\n\t\t\t\t\t<div class=\"e-con-inner\">\n\t\t<div class=\"elementor-element elementor-element-4d0e376 e-con-full e-flex e-con e-child\" data-id=\"4d0e376\" data-element_type=\"container\" data-e-type=\"container\">\n\t\t\t\t<div class=\"elementor-element elementor-element-6dca41b elementor-widget__width-auto elementor-widget-tablet__width-inherit elementor-widget elementor-widget-heading\" data-id=\"6dca41b\" data-element_type=\"widget\" data-e-type=\"widget\" data-widget_type=\"heading.default\">\n\t\t\t\t\t<h2 class=\"elementor-heading-title elementor-size-default\">Inteligencia artificial en el sector de la construcci\u00f3n - Desc\u00e1rgate gratis el libro blanco<\/h2>\t\t\t\t<\/div>\n\t\t\t\t<div class=\"elementor-element elementor-element-4e03fe5 elementor-widget elementor-widget-text-editor\" data-id=\"4e03fe5\" data-element_type=\"widget\" data-e-type=\"widget\" data-widget_type=\"text-editor.default\">\n\t\t\t\t\t\t\t\t\t<p><strong>\u00bfC\u00f3mo puede la IA revolucionar el sector de la construcci\u00f3n?<\/strong><\/p><p>En nuestro libro blanco, podr\u00e1 descubrir qu\u00e9 oportunidades y desaf\u00edos ofrece la inteligencia artificial (IA) para el sector de la construcci\u00f3n. Desde la optimizaci\u00f3n de los procesos en obra hasta la gesti\u00f3n automatizada de maquinaria y la digitalizaci\u00f3n de los flujos de trabajo, le mostramos casos de uso pr\u00e1cticos que puede implementar directamente. <\/p><p><strong>Lo que aprender\u00e1s en el libro blanco:<\/strong><\/p><ul><li>Fundamentos de la inteligencia artificial para el sector de la construcci\u00f3n<\/li><li>Casos de uso espec\u00edficos para obras, empresas de alquiler de maquinaria y empresas de construcci\u00f3n<\/li><li>Buenas pr\u00e1cticas para un uso seguro y eficaz de la IA<\/li><li>Protecci\u00f3n de datos y cumplimiento al trabajar con IA<\/li><li>Pasos estrat\u00e9gicos para una integraci\u00f3n exitosa de la IA<\/li><\/ul>\t\t\t\t\t\t\t\t<\/div>\n\t\t\t\t<div class=\"elementor-element elementor-element-b7d22b2 elementor-widget__width-auto elementor-widget-tablet__width-inherit elementor-widget elementor-widget-heading\" data-id=\"b7d22b2\" data-element_type=\"widget\" data-e-type=\"widget\" data-widget_type=\"heading.default\">\n\t\t\t\t\t<h3 class=\"elementor-heading-title elementor-size-default\">Por qu\u00e9 este libro blanco es relevante para ti<\/h3>\t\t\t\t<\/div>\n\t\t\t\t<div class=\"elementor-element elementor-element-793402d elementor-widget elementor-widget-text-editor\" data-id=\"793402d\" data-element_type=\"widget\" data-e-type=\"widget\" data-widget_type=\"text-editor.default\">\n\t\t\t\t\t\t\t\t\t<p>La digitalizaci\u00f3n est\u00e1 aceler\u00e1ndose en el sector de la construcci\u00f3n: quienes apuesten por la IA desde el principio podr\u00e1n automatizar procesos, reducir costes y trabajar de forma m\u00e1s eficiente. Nuestro libro blanco le ofrece informaci\u00f3n pr\u00e1ctica sobre el uso de la inteligencia artificial para empresas constructoras, empresas de alquiler de maquinaria y jefes de obra. Descubra c\u00f3mo las empresas ya est\u00e1n utilizando la IA con \u00e9xito y qu\u00e9 medidas espec\u00edficas puede tomar para preparar su empresa para el futuro.  <\/p>\t\t\t\t\t\t\t\t<\/div>\n\t\t\t\t<\/div>\n\t\t\t\t\t<\/div>\n\t\t\t\t<\/div>\n\t\t\t\t<\/div>\n\t\t","protected":false},"excerpt":{"rendered":"<p>La inteligencia artificial en el sector de la construcci\u00f3n &#8211; Descargar gratis<\/p>\n","protected":false},"author":2,"featured_media":0,"parent":0,"menu_order":0,"comment_status":"closed","ping_status":"closed","template":"","meta":{"footnotes":""},"class_list":["post-21882","page","type-page","status-publish","hentry"],"_links":{"self":[{"href":"https:\/\/syniotec.com\/es\/wp-json\/wp\/v2\/pages\/21882","targetHints":{"allow":["GET"]}}],"collection":[{"href":"https:\/\/syniotec.com\/es\/wp-json\/wp\/v2\/pages"}],"about":[{"href":"https:\/\/syniotec.com\/es\/wp-json\/wp\/v2\/types\/page"}],"author":[{"embeddable":true,"href":"https:\/\/syniotec.com\/es\/wp-json\/wp\/v2\/users\/2"}],"replies":[{"embeddable":true,"href":"https:\/\/syniotec.com\/es\/wp-json\/wp\/v2\/comments?post=21882"}],"version-history":[{"count":1,"href":"https:\/\/syniotec.com\/es\/wp-json\/wp\/v2\/pages\/21882\/revisions"}],"predecessor-version":[{"id":21883,"href":"https:\/\/syniotec.com\/es\/wp-json\/wp\/v2\/pages\/21882\/revisions\/21883"}],"wp:attachment":[{"href":"https:\/\/syniotec.com\/es\/wp-json\/wp\/v2\/media?parent=21882"}],"curies":[{"name":"wp","href":"https:\/\/api.w.org\/{rel}","templated":true}]}}