{"id":24228,"date":"2024-09-13T08:39:19","date_gmt":"2024-09-13T08:39:19","guid":{"rendered":"https:\/\/syniotec.com\/integraciones-de-terceros\/"},"modified":"2026-05-07T19:01:39","modified_gmt":"2026-05-07T19:01:39","slug":"integraciones-de-terceros","status":"publish","type":"page","link":"https:\/\/syniotec.com\/es\/integraciones-de-terceros\/","title":{"rendered":"Integraciones de terceros"},"content":{"rendered":"\t\t<div data-elementor-type=\"wp-page\" data-elementor-id=\"24228\" class=\"elementor elementor-24228 elementor-8388\" data-elementor-post-type=\"page\">\n\t\t\t\t<div class=\"elementor-element elementor-element-b907e1d e-flex e-con-boxed e-con e-parent\" data-id=\"b907e1d\" data-element_type=\"container\" data-e-type=\"container\">\n\t\t\t\t\t<div class=\"e-con-inner\">\n\t\t<div class=\"elementor-element elementor-element-19a6a65 e-con-full e-flex e-con e-child\" data-id=\"19a6a65\" data-element_type=\"container\" data-e-type=\"container\">\n\t\t<div class=\"elementor-element elementor-element-eedb618 e-con-full e-flex e-con e-child\" data-id=\"eedb618\" data-element_type=\"container\" data-e-type=\"container\">\n\t\t\t\t<div class=\"elementor-element elementor-element-2163b5a elementor-widget elementor-widget-heading\" data-id=\"2163b5a\" data-element_type=\"widget\" data-e-type=\"widget\" data-widget_type=\"heading.default\">\n\t\t\t\t\t<h1 class=\"elementor-heading-title elementor-size-default\">Integraci\u00f3n perfecta con sistemas de terceros  <\/h1>\t\t\t\t<\/div>\n\t\t\t\t<div class=\"elementor-element elementor-element-c507e61 elementor-widget-tablet__width-inherit elementor-widget elementor-widget-text-editor\" data-id=\"c507e61\" data-element_type=\"widget\" data-e-type=\"widget\" data-widget_type=\"text-editor.default\">\n\t\t\t\t\t\t\t\t\t<p>Los distintos sistemas deben comunicarse entre s\u00ed para que las empresas puedan organizar sus procesos de forma eficiente. Con nuestras soluciones de software, ofrecemos la soluci\u00f3n perfecta: <strong>interfaces fluidas con sistemas de terceros<\/strong>, como los sistemas ERP, que garantizan que sus datos est\u00e9n siempre disponibles donde los necesite. <\/p>\t\t\t\t\t\t\t\t<\/div>\n\t\t\t\t<\/div>\n\t\t<div class=\"elementor-element elementor-element-4409e1f e-con-full e-flex e-con e-child\" data-id=\"4409e1f\" data-element_type=\"container\" data-e-type=\"container\">\n\t\t\t\t<div class=\"elementor-element elementor-element-12b1afe elementor-widget elementor-widget-image\" data-id=\"12b1afe\" data-element_type=\"widget\" data-e-type=\"widget\" data-widget_type=\"image.default\">\n\t\t\t\t\t\t\t\t\t\t\t\t\t\t\t<img fetchpriority=\"high\" decoding=\"async\" width=\"815\" height=\"615\" src=\"https:\/\/syniotec.com\/wp-content\/uploads\/2026\/05\/3rdparty-integrations.webp\" class=\"attachment-full size-full wp-image-27547\" alt=\"Integraci\u00f3n perfecta con sistemas de terceros\" srcset=\"https:\/\/syniotec.com\/wp-content\/uploads\/2026\/05\/3rdparty-integrations.webp 815w, https:\/\/syniotec.com\/wp-content\/uploads\/2026\/05\/3rdparty-integrations-300x226.webp 300w, https:\/\/syniotec.com\/wp-content\/uploads\/2026\/05\/3rdparty-integrations-768x580.webp 768w\" sizes=\"(max-width: 815px) 100vw, 815px\" \/>\t\t\t\t\t\t\t\t\t\t\t\t\t\t\t<\/div>\n\t\t\t\t<\/div>\n\t\t\t\t<\/div>\n\t\t\t\t\t<\/div>\n\t\t\t\t<\/div>\n\t\t<div class=\"elementor-element elementor-element-4e5f0c4 e-flex e-con-boxed e-con e-parent\" data-id=\"4e5f0c4\" data-element_type=\"container\" data-e-type=\"container\">\n\t\t\t\t\t<div class=\"e-con-inner\">\n\t\t<div class=\"elementor-element elementor-element-42ed9b3 e-con-full e-flex e-con e-child\" data-id=\"42ed9b3\" data-element_type=\"container\" data-e-type=\"container\">\n\t\t\t\t<div class=\"elementor-element elementor-element-52c35ab elementor-widget__width-auto elementor-widget-tablet__width-inherit elementor-widget elementor-widget-heading\" data-id=\"52c35ab\" data-element_type=\"widget\" data-e-type=\"widget\" data-widget_type=\"heading.default\">\n\t\t\t\t\t<h2 class=\"elementor-heading-title elementor-size-default\">\u00bfQu\u00e9 significan las interfaces para tu empresa?<\/h2>\t\t\t\t<\/div>\n\t\t\t\t<div class=\"elementor-element elementor-element-8dc2733 elementor-widget-tablet__width-inherit elementor-widget elementor-widget-text-editor\" data-id=\"8dc2733\" data-element_type=\"widget\" data-e-type=\"widget\" data-widget_type=\"text-editor.default\">\n\t\t\t\t\t\t\t\t\t<p>Nuestras <strong>soluciones SaaS<\/strong> <a href=\"https:\/\/syniotec.com\/es\/productos\/gestor-inteligente-de-activos\/\">SAM para empresas constructoras<\/a> y <a href=\"https:\/\/syniotec.com\/es\/productos\/gestor-de-activos-de-alquiler\/\">RAM para empresas de alquiler<\/a> pueden conectarse f\u00e1cilmente a los sistemas existentes de su empresa, incluido el <strong>sistema ERP<\/strong> interno. Esto permite compartir y analizar datos centrales en tiempo real. As\u00ed, tendr\u00e1 en todo momento una visi\u00f3n completa de sus recursos, proyectos, alquileres y procesos empresariales, todo en un solo lugar.  <\/p>\t\t\t\t\t\t\t\t<\/div>\n\t\t\t\t<div class=\"elementor-element elementor-element-6ca6fee elementor-widget elementor-widget-image\" data-id=\"6ca6fee\" data-element_type=\"widget\" data-e-type=\"widget\" data-widget_type=\"image.default\">\n\t\t\t\t\t\t\t\t\t\t\t\t\t\t\t<img decoding=\"async\" width=\"1250\" height=\"525\" src=\"https:\/\/syniotec.com\/wp-content\/uploads\/2026\/05\/3rdparty-integrations-en.webp\" class=\"attachment-full size-full wp-image-27548\" alt=\"\u00bfQu\u00e9 significan las interfaces para tu empresa?\" srcset=\"https:\/\/syniotec.com\/wp-content\/uploads\/2026\/05\/3rdparty-integrations-en.webp 1250w, https:\/\/syniotec.com\/wp-content\/uploads\/2026\/05\/3rdparty-integrations-en-300x126.webp 300w, https:\/\/syniotec.com\/wp-content\/uploads\/2026\/05\/3rdparty-integrations-en-1024x430.webp 1024w, https:\/\/syniotec.com\/wp-content\/uploads\/2026\/05\/3rdparty-integrations-en-768x323.webp 768w\" sizes=\"(max-width: 1250px) 100vw, 1250px\" \/>\t\t\t\t\t\t\t\t\t\t\t\t\t\t\t<\/div>\n\t\t\t\t<div class=\"elementor-element elementor-element-6fe59ad elementor-widget__width-auto elementor-widget-tablet__width-inherit elementor-widget elementor-widget-heading\" data-id=\"6fe59ad\" data-element_type=\"widget\" data-e-type=\"widget\" data-widget_type=\"heading.default\">\n\t\t\t\t\t<h3 class=\"elementor-heading-title elementor-size-default\">Las ventajas de las interfaces y las integraciones  <\/h3>\t\t\t\t<\/div>\n\t\t\t\t<div class=\"elementor-element elementor-element-546b70a elementor-widget__width-inherit elementor-widget-tablet__width-inherit elementor-widget elementor-widget-text-editor\" data-id=\"546b70a\" data-element_type=\"widget\" data-e-type=\"widget\" data-widget_type=\"text-editor.default\">\n\t\t\t\t\t\t\t\t\t<ul>\n<li><strong>Transferencia autom\u00e1tica de datos<\/strong>: La integraci\u00f3n entre nuestro software y los sistemas de terceros sincroniza autom\u00e1ticamente los datos sin necesidad de intervenci\u00f3n manual.<\/li>\n<li><strong>Mayor eficacia<\/strong>: Como todos los datos relevantes est\u00e1n vinculados, ahorras tiempo y recursos que de otro modo tendr\u00edas que dedicar a conciliar sistemas diferentes.<\/li>\n<li><strong>Reducci\u00f3n de la tasa de errores<\/strong>: Al sincronizar autom\u00e1ticamente tus datos, evitas los errores que pueden producirse con los procesos manuales.<\/li>\n<li><strong>Visi\u00f3n centralizada de los datos<\/strong>: Con nuestras soluciones de software, tienes toda la informaci\u00f3n relevante en un solo lugar, lo que facilita la transparencia y la toma de decisiones.<\/li>\n<\/ul>\n\t\t\t\t\t\t\t\t<\/div>\n\t\t\t\t<div class=\"elementor-element elementor-element-76520e5 elementor-widget__width-auto elementor-widget-tablet__width-inherit elementor-widget elementor-widget-heading\" data-id=\"76520e5\" data-element_type=\"widget\" data-e-type=\"widget\" data-widget_type=\"heading.default\">\n\t\t\t\t\t<h2 class=\"elementor-heading-title elementor-size-default\">\u00bfQu\u00e9 sistemas se pueden integrar?<\/h2>\t\t\t\t<\/div>\n\t\t\t\t<div class=\"elementor-element elementor-element-254b4d0 elementor-widget__width-inherit elementor-widget-tablet__width-inherit elementor-widget elementor-widget-text-editor\" data-id=\"254b4d0\" data-element_type=\"widget\" data-e-type=\"widget\" data-widget_type=\"text-editor.default\">\n\t\t\t\t\t\t\t\t\t<p>Nuestras soluciones de software <a href=\"https:\/\/syniotec.com\/es\/productos\/gestor-inteligente-de-activos\/\">SAM<\/a> <a href=\"https:\/\/syniotec.com\/es\/productos\/gestor-de-activos-de-alquiler\/\">RAM<\/a> permiten la integraci\u00f3n de una variedad de <strong>sistemas<\/strong> y aplicaciones empresariales clave, como<\/p><ul><li>Software financiero y contable<\/li><li>Sistemas de gesti\u00f3n de almacenes<\/li><li>Herramientas de RRHH para la gesti\u00f3n de personal<\/li><li>Sistemas CRM de atenci\u00f3n al cliente<\/li><\/ul>\t\t\t\t\t\t\t\t<\/div>\n\t\t\t\t<div class=\"elementor-element elementor-element-82b5bea elementor-widget__width-inherit elementor-widget-tablet__width-inherit elementor-widget elementor-widget-text-editor\" data-id=\"82b5bea\" data-element_type=\"widget\" data-e-type=\"widget\" data-widget_type=\"text-editor.default\">\n\t\t\t\t\t\t\t\t\t<p>Si tu empresa ya utiliza un sistema esencial para sus procesos empresariales internos, nos aseguraremos de que funcione a la perfecci\u00f3n con nuestro software.<\/p>\t\t\t\t\t\t\t\t<\/div>\n\t\t\t\t<div class=\"elementor-element elementor-element-372d47a elementor-widget__width-auto elementor-widget-tablet__width-inherit elementor-widget elementor-widget-heading\" data-id=\"372d47a\" data-element_type=\"widget\" data-e-type=\"widget\" data-widget_type=\"heading.default\">\n\t\t\t\t\t<h2 class=\"elementor-heading-title elementor-size-default\">\u00bfC\u00f3mo funciona la integraci\u00f3n?<\/h2>\t\t\t\t<\/div>\n\t\t\t\t<div class=\"elementor-element elementor-element-41bafe6 elementor-widget__width-inherit elementor-widget-tablet__width-inherit elementor-widget elementor-widget-text-editor\" data-id=\"41bafe6\" data-element_type=\"widget\" data-e-type=\"widget\" data-widget_type=\"text-editor.default\">\n\t\t\t\t\t\t\t\t\t<p>Ya hemos configurado <strong>interfaces<\/strong> para muchos sistemas habituales. These enable fast and uncomplicated integration so that your data can be exchanged seamlessly between the systems. <\/p>\n<\/p>\n<p>Si tu empresa tiene requisitos especiales o utiliza un sistema para el que actualmente no hay ninguna interfaz disponible, no hay problema. In these cases, a certain <strong>amount of development work<\/strong> is required to customize the integration for your company. <\/p>\n<\/p>\n<p><strong>No dudes en contactarnos<\/strong> para obtener m\u00e1s informaci\u00f3n sobre las interfaces disponibles y las posibles soluciones individuales. Our team will help you find the best solution. <\/p>\n\t\t\t\t\t\t\t\t<\/div>\n\t\t\t\t<div class=\"elementor-element elementor-element-533f0a8 elementor-widget__width-auto elementor-widget-tablet__width-inherit elementor-widget elementor-widget-text-editor\" data-id=\"533f0a8\" data-element_type=\"widget\" data-e-type=\"widget\" data-widget_type=\"text-editor.default\">\n\t\t\t\t\t\t\t\t\t<p>Extracto de posibles interfaces con sistemas ERP:<\/p>\n\t\t\t\t\t\t\t\t<\/div>\n\t\t<div class=\"elementor-element elementor-element-427ae9e e-grid e-con-full e-con e-child\" data-id=\"427ae9e\" data-element_type=\"container\" data-e-type=\"container\">\n\t\t\t\t<div class=\"elementor-element elementor-element-b680914 elementor-widget elementor-widget-image\" data-id=\"b680914\" data-element_type=\"widget\" data-e-type=\"widget\" data-widget_type=\"image.default\">\n\t\t\t\t\t\t\t\t\t\t\t\t\t\t\t<img decoding=\"async\" src=\"https:\/\/syniotec.com\/wp-content\/uploads\/2024\/04\/bausu.svg\" title=\"\" alt=\"\" loading=\"lazy\" \/>\t\t\t\t\t\t\t\t\t\t\t\t\t\t\t<\/div>\n\t\t\t\t<div class=\"elementor-element elementor-element-8e9fb4f elementor-widget elementor-widget-image\" data-id=\"8e9fb4f\" data-element_type=\"widget\" data-e-type=\"widget\" data-widget_type=\"image.default\">\n\t\t\t\t\t\t\t\t\t\t\t\t\t\t\t<img decoding=\"async\" src=\"https:\/\/syniotec.com\/wp-content\/uploads\/2024\/04\/sap.svg\" title=\"\" alt=\"\" loading=\"lazy\" \/>\t\t\t\t\t\t\t\t\t\t\t\t\t\t\t<\/div>\n\t\t\t\t<div class=\"elementor-element elementor-element-1c2d264 elementor-widget elementor-widget-image\" data-id=\"1c2d264\" data-element_type=\"widget\" data-e-type=\"widget\" data-widget_type=\"image.default\">\n\t\t\t\t\t\t\t\t\t\t\t\t\t\t\t<img decoding=\"async\" src=\"https:\/\/syniotec.com\/wp-content\/uploads\/2024\/04\/infor.svg\" title=\"\" alt=\"\" loading=\"lazy\" \/>\t\t\t\t\t\t\t\t\t\t\t\t\t\t\t<\/div>\n\t\t\t\t<div class=\"elementor-element elementor-element-b598ee4 elementor-widget elementor-widget-image\" data-id=\"b598ee4\" data-element_type=\"widget\" data-e-type=\"widget\" data-widget_type=\"image.default\">\n\t\t\t\t\t\t\t\t\t\t\t\t\t\t\t<img decoding=\"async\" width=\"249\" height=\"68\" src=\"https:\/\/syniotec.com\/wp-content\/uploads\/2026\/05\/svgexport-1.svg\" class=\"attachment-full size-full wp-image-27549\" alt=\"\" \/>\t\t\t\t\t\t\t\t\t\t\t\t\t\t\t<\/div>\n\t\t\t\t<div class=\"elementor-element elementor-element-3f5f972 elementor-widget elementor-widget-image\" data-id=\"3f5f972\" data-element_type=\"widget\" data-e-type=\"widget\" data-widget_type=\"image.default\">\n\t\t\t\t\t\t\t\t\t\t\t\t\t\t\t<img loading=\"lazy\" decoding=\"async\" width=\"126\" height=\"59\" src=\"https:\/\/syniotec.com\/wp-content\/uploads\/2026\/05\/brz.svg\" class=\"attachment-full size-full wp-image-27550\" alt=\"\" \/>\t\t\t\t\t\t\t\t\t\t\t\t\t\t\t<\/div>\n\t\t\t\t<div class=\"elementor-element elementor-element-3ea5b36 elementor-widget elementor-widget-image\" data-id=\"3ea5b36\" data-element_type=\"widget\" data-e-type=\"widget\" data-widget_type=\"image.default\">\n\t\t\t\t\t\t\t\t\t\t\t\t\t\t\t<img loading=\"lazy\" decoding=\"async\" width=\"235\" height=\"52\" src=\"https:\/\/syniotec.com\/wp-content\/uploads\/2026\/05\/as400.svg\" class=\"attachment-full size-full wp-image-27551\" alt=\"\" \/>\t\t\t\t\t\t\t\t\t\t\t\t\t\t\t<\/div>\n\t\t\t\t<\/div>\n\t\t\t\t<\/div>\n\t\t\t\t\t<\/div>\n\t\t\t\t<\/div>\n\t\t<div class=\"elementor-element elementor-element-48d8437d e-con-full e-flex e-con e-parent\" data-id=\"48d8437d\" data-element_type=\"container\" data-e-type=\"container\">\n\t\t\t\t<div class=\"elementor-element elementor-element-c410cbf elementor-widget elementor-widget-template\" data-id=\"c410cbf\" data-element_type=\"widget\" data-e-type=\"widget\" data-widget_type=\"template.default\">\n\t\t\t\t<div class=\"elementor-widget-container\">\n\t\t\t\t\t\t\t<div class=\"elementor-template\">\n\t\t\t\t\t<div data-elementor-type=\"container\" data-elementor-id=\"22321\" class=\"elementor elementor-22321 elementor-18323 elementor-18323\" data-elementor-post-type=\"elementor_library\">\n\t\t\t\t<div class=\"elementor-element elementor-element-b613647 e-flex e-con-boxed e-con e-parent\" data-id=\"b613647\" data-element_type=\"container\" data-e-type=\"container\" data-settings=\"{&quot;background_background&quot;:&quot;classic&quot;}\">\n\t\t\t\t\t<div class=\"e-con-inner\">\n\t\t<div class=\"elementor-element elementor-element-1131b5d e-con-full e-flex e-con e-child\" data-id=\"1131b5d\" data-element_type=\"container\" data-e-type=\"container\">\n\t\t<div class=\"elementor-element elementor-element-41167a3 e-con-full e-flex e-con e-child\" data-id=\"41167a3\" data-element_type=\"container\" data-e-type=\"container\">\n\t\t\t\t<div class=\"elementor-element elementor-element-e8e95d9 elementor-widget-tablet__width-inherit elementor-widget elementor-widget-heading\" data-id=\"e8e95d9\" data-element_type=\"widget\" data-e-type=\"widget\" data-widget_type=\"heading.default\">\n\t\t\t\t\t<h2 class=\"elementor-heading-title elementor-size-default\">Su persona de contacto<\/h2>\t\t\t\t<\/div>\n\t\t\t\t<div class=\"elementor-element elementor-element-76aaaa6 elementor-widget-tablet__width-initial elementor-widget elementor-widget-text-editor\" data-id=\"76aaaa6\" data-element_type=\"widget\" data-e-type=\"widget\" data-widget_type=\"text-editor.default\">\n\t\t\t\t\t\t\t\t\t<p>Si est\u00e1s interesado en trabajar con nosotros, \u00a1no dudes en ponerte en contacto con nosotros! Ponte en contacto con nosotros para obtener m\u00e1s informaci\u00f3n o para hablar de posibles colaboraciones. <\/p>\t\t\t\t\t\t\t\t<\/div>\n\t\t\t\t<\/div>\n\t\t<div class=\"elementor-element elementor-element-53e3588 e-con-full e-flex e-con e-child\" data-id=\"53e3588\" data-element_type=\"container\" data-e-type=\"container\">\n\t\t\t\t<div class=\"elementor-element elementor-element-56a4ad43 elementor-position-top elementor-widget elementor-widget-image-box\" data-id=\"56a4ad43\" data-element_type=\"widget\" data-e-type=\"widget\" data-widget_type=\"image-box.default\">\n\t\t\t\t\t<div class=\"elementor-image-box-wrapper\"><figure class=\"elementor-image-box-img\"><a href=\"mailto:p.kuhna@syniotec.com\" target=\"_blank\" rel=\"nofollow\" tabindex=\"-1\"><img loading=\"lazy\" decoding=\"async\" width=\"585\" height=\"618\" src=\"https:\/\/syniotec.com\/wp-content\/uploads\/2026\/04\/kuhna-1.webp\" class=\"attachment-full size-full wp-image-27417\" alt=\"Patrik Kuhna Head of Product - RAM\" srcset=\"https:\/\/syniotec.com\/wp-content\/uploads\/2026\/04\/kuhna-1.webp 585w, https:\/\/syniotec.com\/wp-content\/uploads\/2026\/04\/kuhna-1-284x300.webp 284w\" sizes=\"(max-width: 585px) 100vw, 585px\" \/><\/a><\/figure><div class=\"elementor-image-box-content\"><h3 class=\"elementor-image-box-title\"><a href=\"mailto:p.kuhna@syniotec.com\" target=\"_blank\" rel=\"nofollow\">Patrik Hoeft-Kuhna<\/a><\/h3><p class=\"elementor-image-box-description\">Responsable de Producto - RAM<br>p.kuhna@syniotec.com<\/p><\/div><\/div>\t\t\t\t<\/div>\n\t\t\t\t<\/div>\n\t\t\t\t<\/div>\n\t\t\t\t\t<\/div>\n\t\t\t\t<\/div>\n\t\t\t\t<\/div>\n\t\t\t\t<\/div>\n\t\t\t\t\t\t<\/div>\n\t\t\t\t<\/div>\n\t\t\t\t<\/div>\n\t\t<div class=\"elementor-element elementor-element-119ad3c e-con-full e-flex e-con e-parent\" data-id=\"119ad3c\" data-element_type=\"container\" data-e-type=\"container\">\n\t\t\t\t<div class=\"elementor-element elementor-element-6a2ac7b elementor-widget elementor-widget-template\" data-id=\"6a2ac7b\" data-element_type=\"widget\" data-e-type=\"widget\" data-widget_type=\"template.default\">\n\t\t\t\t<div class=\"elementor-widget-container\">\n\t\t\t\t\t\t\t<div class=\"elementor-template\">\n\t\t\t\t\t<div data-elementor-type=\"container\" data-elementor-id=\"23874\" class=\"elementor elementor-23874 elementor-17668 elementor-17668\" data-elementor-post-type=\"elementor_library\">\n\t\t\t\t<div class=\"elementor-element elementor-element-7c01d9af e-con-full e-flex e-con e-child\" data-id=\"7c01d9af\" data-element_type=\"container\" data-e-type=\"container\">\n\t\t<div class=\"elementor-element elementor-element-d58dd0d e-flex e-con-boxed e-con e-child\" data-id=\"d58dd0d\" data-element_type=\"container\" data-e-type=\"container\">\n\t\t\t\t\t<div class=\"e-con-inner\">\n\t\t\t\t<div class=\"elementor-element elementor-element-7b90898 elementor-widget__width-initial elementor-widget elementor-widget-heading\" data-id=\"7b90898\" data-element_type=\"widget\" data-e-type=\"widget\" data-widget_type=\"heading.default\">\n\t\t\t\t\t<h2 class=\"elementor-heading-title elementor-size-default\">Tus beneficios no se limitan al software.<\/h2>\t\t\t\t<\/div>\n\t\t<div class=\"elementor-element elementor-element-1411089 e-flex e-con-boxed e-con e-child\" data-id=\"1411089\" data-element_type=\"container\" data-e-type=\"container\">\n\t\t\t\t\t<div class=\"e-con-inner\">\n\t\t\t\t<div class=\"elementor-element elementor-element-76563831 elementor-position-top elementor-widget__width-initial elementor-position-top elementor-widget elementor-widget-image-box\" data-id=\"76563831\" data-element_type=\"widget\" data-e-type=\"widget\" data-widget_type=\"image-box.default\">\n\t\t\t\t\t<div class=\"elementor-image-box-wrapper\"><figure class=\"elementor-image-box-img\"><a href=\"https:\/\/syniotec.com\/es\/atencion-al-cliente\/\" tabindex=\"-1\"><img loading=\"lazy\" decoding=\"async\" width=\"310\" height=\"310\" src=\"https:\/\/syniotec.com\/wp-content\/uploads\/2026\/04\/1-3-1.png\" class=\"attachment-full size-full wp-image-23875\" alt=\"\" srcset=\"https:\/\/syniotec.com\/wp-content\/uploads\/2026\/04\/1-3-1.png 310w, https:\/\/syniotec.com\/wp-content\/uploads\/2026\/04\/1-3-1-300x300.png 300w, https:\/\/syniotec.com\/wp-content\/uploads\/2026\/04\/1-3-1-150x150.png 150w\" sizes=\"(max-width: 310px) 100vw, 310px\" \/><\/a><\/figure><div class=\"elementor-image-box-content\"><h3 class=\"elementor-image-box-title\"><a href=\"https:\/\/syniotec.com\/es\/atencion-al-cliente\/\">Atenci\u00f3n al cliente<\/a><\/h3><p class=\"elementor-image-box-description\"><span class=\"content-cta-boxes\">En syniotec, entendemos que el \u00e9xito de nuestros clientes no solo depende de nuestros productos, sino tambi\u00e9n de nuestro servicio. Nuestro servicio incluye diversas medidas para asegurar que usted obtenga el m\u00e1ximo provecho de nuestras soluciones.  <\/span>\n\n<a class=\"inner-read-more\" href=\"customer%20service\/\">M\u00e1s sobre nuestro servicio<\/a><\/p><\/div><\/div>\t\t\t\t<\/div>\n\t\t\t\t<div class=\"elementor-element elementor-element-72166104 elementor-position-top elementor-widget__width-initial elementor-position-top elementor-widget elementor-widget-image-box\" data-id=\"72166104\" data-element_type=\"widget\" data-e-type=\"widget\" data-widget_type=\"image-box.default\">\n\t\t\t\t\t<div class=\"elementor-image-box-wrapper\"><figure class=\"elementor-image-box-img\"><a href=\"https:\/\/syniotec.com\/es\/integraciones-de-terceros\/\" tabindex=\"-1\"><img loading=\"lazy\" decoding=\"async\" width=\"310\" height=\"310\" src=\"https:\/\/syniotec.com\/wp-content\/uploads\/2026\/04\/Mask-Group-1587-1.png\" class=\"attachment-full size-full wp-image-23876\" alt=\"\" srcset=\"https:\/\/syniotec.com\/wp-content\/uploads\/2026\/04\/Mask-Group-1587-1.png 310w, https:\/\/syniotec.com\/wp-content\/uploads\/2026\/04\/Mask-Group-1587-1-300x300.png 300w, https:\/\/syniotec.com\/wp-content\/uploads\/2026\/04\/Mask-Group-1587-1-150x150.png 150w\" sizes=\"(max-width: 310px) 100vw, 310px\" \/><\/a><\/figure><div class=\"elementor-image-box-content\"><h3 class=\"elementor-image-box-title\"><a href=\"https:\/\/syniotec.com\/es\/integraciones-de-terceros\/\">Integraciones de terceros<\/a><\/h3><p class=\"elementor-image-box-description\"><span class=\"content-cta-boxes\">Nuestras soluciones permiten el intercambio de datos con una variedad de proveedores externos para ofrecer la m\u00e1xima flexibilidad. Ponemos especial \u00e9nfasis en la integraci\u00f3n perfecta en los sistemas ERP existentes.  <\/span>\n\n<a class=\"inner-read-more\" href=\"interfaces\/\">A todas las interfaces<\/a><\/p><\/div><\/div>\t\t\t\t<\/div>\n\t\t\t\t<div class=\"elementor-element elementor-element-480522b3 elementor-position-top elementor-widget__width-initial elementor-position-top elementor-widget elementor-widget-image-box\" data-id=\"480522b3\" data-element_type=\"widget\" data-e-type=\"widget\" data-widget_type=\"image-box.default\">\n\t\t\t\t\t<div class=\"elementor-image-box-wrapper\"><figure class=\"elementor-image-box-img\"><a href=\"https:\/\/syniotec.com\/es\/oferta-gratuita\/\" tabindex=\"-1\"><img loading=\"lazy\" decoding=\"async\" width=\"310\" height=\"310\" src=\"https:\/\/syniotec.com\/wp-content\/uploads\/2026\/04\/Tablet-Extended.png\" class=\"attachment-full size-full wp-image-23877\" alt=\"\" srcset=\"https:\/\/syniotec.com\/wp-content\/uploads\/2026\/04\/Tablet-Extended.png 310w, https:\/\/syniotec.com\/wp-content\/uploads\/2026\/04\/Tablet-Extended-300x300.png 300w, https:\/\/syniotec.com\/wp-content\/uploads\/2026\/04\/Tablet-Extended-150x150.png 150w\" sizes=\"(max-width: 310px) 100vw, 310px\" \/><\/a><\/figure><div class=\"elementor-image-box-content\"><h3 class=\"elementor-image-box-title\"><a href=\"https:\/\/syniotec.com\/es\/oferta-gratuita\/\">Oferta gratuita<\/a><\/h3><p class=\"elementor-image-box-description\"><span class=\"content-cta-boxes\">\u00bfCurioso? Solicite ahora su presupuesto individual y gratuito. Nuestros expertos se pondr\u00e1n en contacto con usted de inmediato para discutir todos los detalles y mostrarle nuestras soluciones.   <\/span>\n\n<a class=\"inner-read-more\" href=\"free%20offer\/\">A la oferta gratuita<\/a><\/p><\/div><\/div>\t\t\t\t<\/div>\n\t\t\t\t\t<\/div>\n\t\t\t\t<\/div>\n\t\t\t\t\t<\/div>\n\t\t\t\t<\/div>\n\t\t\t\t<\/div>\n\t\t\t\t<\/div>\n\t\t\t\t<\/div>\n\t\t\t\t\t\t<\/div>\n\t\t\t\t<\/div>\n\t\t\t\t<\/div>\n\t\t\t\t<\/div>\n\t\t","protected":false},"excerpt":{"rendered":"<p>Integraci\u00f3n perfecta con sistemas de terceros Los distintos sistemas deben comunicarse entre s\u00ed para que las empresas puedan organizar sus procesos de forma eficiente. Con nuestras soluciones de software, ofrecemos la soluci\u00f3n perfecta: interfaces fluidas con sistemas de terceros, como los sistemas ERP, que garantizan que sus datos est\u00e9n siempre disponibles donde los necesite. \u00bfQu\u00e9 [&hellip;]<\/p>\n","protected":false},"author":2,"featured_media":0,"parent":0,"menu_order":0,"comment_status":"closed","ping_status":"closed","template":"","meta":{"footnotes":""},"class_list":["post-24228","page","type-page","status-publish","hentry"],"_links":{"self":[{"href":"https:\/\/syniotec.com\/es\/wp-json\/wp\/v2\/pages\/24228","targetHints":{"allow":["GET"]}}],"collection":[{"href":"https:\/\/syniotec.com\/es\/wp-json\/wp\/v2\/pages"}],"about":[{"href":"https:\/\/syniotec.com\/es\/wp-json\/wp\/v2\/types\/page"}],"author":[{"embeddable":true,"href":"https:\/\/syniotec.com\/es\/wp-json\/wp\/v2\/users\/2"}],"replies":[{"embeddable":true,"href":"https:\/\/syniotec.com\/es\/wp-json\/wp\/v2\/comments?post=24228"}],"version-history":[{"count":2,"href":"https:\/\/syniotec.com\/es\/wp-json\/wp\/v2\/pages\/24228\/revisions"}],"predecessor-version":[{"id":27558,"href":"https:\/\/syniotec.com\/es\/wp-json\/wp\/v2\/pages\/24228\/revisions\/27558"}],"wp:attachment":[{"href":"https:\/\/syniotec.com\/es\/wp-json\/wp\/v2\/media?parent=24228"}],"curies":[{"name":"wp","href":"https:\/\/api.w.org\/{rel}","templated":true}]}}