{"id":24245,"date":"2025-01-31T14:10:54","date_gmt":"2025-01-31T14:10:54","guid":{"rendered":"https:\/\/syniotec.com\/livre-blanc\/"},"modified":"2026-04-30T11:15:14","modified_gmt":"2026-04-30T11:15:14","slug":"livre-blanc","status":"publish","type":"page","link":"https:\/\/syniotec.com\/fr\/livre-blanc\/","title":{"rendered":"Livre blanc"},"content":{"rendered":"\t\t<div data-elementor-type=\"wp-page\" data-elementor-id=\"24245\" class=\"elementor elementor-24245 elementor-11214\" data-elementor-post-type=\"page\">\n\t\t\t\t<div class=\"elementor-element elementor-element-86bb0d5 e-flex e-con-boxed e-con e-parent\" data-id=\"86bb0d5\" data-element_type=\"container\" data-e-type=\"container\">\n\t\t\t\t\t<div class=\"e-con-inner\">\n\t\t<div class=\"elementor-element elementor-element-e5cefa1 e-con-full e-flex e-con e-child\" data-id=\"e5cefa1\" data-element_type=\"container\" data-e-type=\"container\">\n\t\t<div class=\"elementor-element elementor-element-4de389d e-con-full e-flex e-con e-child\" data-id=\"4de389d\" data-element_type=\"container\" data-e-type=\"container\">\n\t\t\t\t<div class=\"elementor-element elementor-element-da31251 elementor-widget elementor-widget-heading\" data-id=\"da31251\" data-element_type=\"widget\" data-e-type=\"widget\" data-widget_type=\"heading.default\">\n\t\t\t\t\t<h1 class=\"elementor-heading-title elementor-size-default\">Le 1x1 de l'intelligence artificielle dans l'industrie de la construction<\/h1>\t\t\t\t<\/div>\n\t\t\t\t<div class=\"elementor-element elementor-element-a777de5 elementor-widget elementor-widget-text-editor\" data-id=\"a777de5\" data-element_type=\"widget\" data-e-type=\"widget\" data-widget_type=\"text-editor.default\">\n\t\t\t\t\t\t\t\t\t<p>Qu\u2019est-ce que l\u2019IA ? Comment peut-elle \u00eatre utilis\u00e9e dans le secteur de la construction ? Et quelles sont les \u00e9tapes n\u00e9cessaires pour int\u00e9grer l\u2019IA de mani\u00e8re rentable ?  <\/p><p>T\u00e9l\u00e9chargez le PDF gratuit \u00ab\u00a0The 1&#215;1 of Artificial Intelligence in the construction industry\u00a0\u00bb et d\u00e9couvrez-le !<\/p>\t\t\t\t\t\t\t\t<\/div>\n\t\t\t\t<div class=\"elementor-element elementor-element-938d853 elementor-widget-divider--view-line elementor-widget elementor-widget-divider\" data-id=\"938d853\" data-element_type=\"widget\" data-e-type=\"widget\" data-widget_type=\"divider.default\">\n\t\t\t\t\t\t\t<div class=\"elementor-divider\">\n\t\t\t<span class=\"elementor-divider-separator\">\n\t\t\t\t\t\t<\/span>\n\t\t<\/div>\n\t\t\t\t\t\t<\/div>\n\t\t\t\t<div class=\"elementor-element elementor-element-4b47ebf elementor-hidden-tablet elementor-hidden-mobile elementor-widget elementor-widget-html\" data-id=\"4b47ebf\" data-element_type=\"widget\" data-e-type=\"widget\" data-widget_type=\"html.default\">\n\t\t\t\t\t<iframe aria-label=\"Das 1x1 der k\u00fcsntlichen Intelligenz in der Baubranche\" frameborder=\"0\" style=\"height:730px;width:100%;border:none;\" src=\"https:\/\/forms.zohopublic.eu\/syniotec1\/form\/WhitepaperCampaign\/formperma\/rbdDqbysdjka1Jy6GQpQFd69ijS-9-xCsNr01zGaW5g\"><\/iframe>\t\t\t\t<\/div>\n\t\t\t\t<\/div>\n\t\t<div class=\"elementor-element elementor-element-479d59e e-con-full e-flex e-con e-child\" data-id=\"479d59e\" data-element_type=\"container\" data-e-type=\"container\">\n\t\t\t\t<div class=\"elementor-element elementor-element-57b34a5 elementor-icon-list--layout-traditional elementor-list-item-link-full_width elementor-widget elementor-widget-icon-list\" data-id=\"57b34a5\" data-element_type=\"widget\" data-e-type=\"widget\" data-widget_type=\"icon-list.default\">\n\t\t\t\t\t\t\t<ul class=\"elementor-icon-list-items\">\n\t\t\t\t\t\t\t<li class=\"elementor-icon-list-item\">\n\t\t\t\t\t\t\t\t\t\t\t<span class=\"elementor-icon-list-icon\">\n\t\t\t\t\t\t\t<svg aria-hidden=\"true\" class=\"e-font-icon-svg e-fas-check\" viewBox=\"0 0 512 512\" xmlns=\"http:\/\/www.w3.org\/2000\/svg\"><path d=\"M173.898 439.404l-166.4-166.4c-9.997-9.997-9.997-26.206 0-36.204l36.203-36.204c9.997-9.998 26.207-9.998 36.204 0L192 312.69 432.095 72.596c9.997-9.997 26.207-9.997 36.204 0l36.203 36.204c9.997 9.997 9.997 26.206 0 36.204l-294.4 294.401c-9.998 9.997-26.207 9.997-36.204-.001z\"><\/path><\/svg>\t\t\t\t\t\t<\/span>\n\t\t\t\t\t\t\t\t\t\t<span class=\"elementor-icon-list-text\">Gratuit et pratique<\/span>\n\t\t\t\t\t\t\t\t\t<\/li>\n\t\t\t\t\t\t\t\t<li class=\"elementor-icon-list-item\">\n\t\t\t\t\t\t\t\t\t\t\t<span class=\"elementor-icon-list-icon\">\n\t\t\t\t\t\t\t<svg aria-hidden=\"true\" class=\"e-font-icon-svg e-fas-check\" viewBox=\"0 0 512 512\" xmlns=\"http:\/\/www.w3.org\/2000\/svg\"><path d=\"M173.898 439.404l-166.4-166.4c-9.997-9.997-9.997-26.206 0-36.204l36.203-36.204c9.997-9.998 26.207-9.998 36.204 0L192 312.69 432.095 72.596c9.997-9.997 26.207-9.997 36.204 0l36.203 36.204c9.997 9.997 9.997 26.206 0 36.204l-294.4 294.401c-9.998 9.997-26.207 9.997-36.204-.001z\"><\/path><\/svg>\t\t\t\t\t\t<\/span>\n\t\t\t\t\t\t\t\t\t\t<span class=\"elementor-icon-list-text\">L'IA au service de l'industrie de la construction<\/span>\n\t\t\t\t\t\t\t\t\t<\/li>\n\t\t\t\t\t\t\t\t<li class=\"elementor-icon-list-item\">\n\t\t\t\t\t\t\t\t\t\t\t<span class=\"elementor-icon-list-icon\">\n\t\t\t\t\t\t\t<svg aria-hidden=\"true\" class=\"e-font-icon-svg e-fas-check\" viewBox=\"0 0 512 512\" xmlns=\"http:\/\/www.w3.org\/2000\/svg\"><path d=\"M173.898 439.404l-166.4-166.4c-9.997-9.997-9.997-26.206 0-36.204l36.203-36.204c9.997-9.998 26.207-9.998 36.204 0L192 312.69 432.095 72.596c9.997-9.997 26.207-9.997 36.204 0l36.203 36.204c9.997 9.997 9.997 26.206 0 36.204l-294.4 294.401c-9.998 9.997-26.207 9.997-36.204-.001z\"><\/path><\/svg>\t\t\t\t\t\t<\/span>\n\t\t\t\t\t\t\t\t\t\t<span class=\"elementor-icon-list-text\">Meilleures pratiques et cas d'utilisation<\/span>\n\t\t\t\t\t\t\t\t\t<\/li>\n\t\t\t\t\t\t<\/ul>\n\t\t\t\t\t\t<\/div>\n\t\t\t\t<div class=\"elementor-element elementor-element-8161ab4 elementor-widget elementor-widget-image\" data-id=\"8161ab4\" data-element_type=\"widget\" data-e-type=\"widget\" data-widget_type=\"image.default\">\n\t\t\t\t\t\t\t\t\t\t\t\t\t\t\t<img decoding=\"async\" src=\"https:\/\/syniotec.com\/wp-content\/uploads\/2025\/01\/syniotec-whitepaper-v2.webp\" title=\"\" alt=\"\" loading=\"lazy\" \/>\t\t\t\t\t\t\t\t\t\t\t\t\t\t\t<\/div>\n\t\t\t\t<\/div>\n\t\t\t\t<\/div>\n\t\t\t\t\t<\/div>\n\t\t\t\t<\/div>\n\t\t<div class=\"elementor-element elementor-element-8a15135 elementor-hidden-desktop e-flex e-con-boxed e-con e-parent\" data-id=\"8a15135\" data-element_type=\"container\" data-e-type=\"container\">\n\t\t\t\t\t<div class=\"e-con-inner\">\n\t\t<div class=\"elementor-element elementor-element-f60e863 e-con-full e-flex e-con e-child\" data-id=\"f60e863\" data-element_type=\"container\" data-e-type=\"container\">\n\t\t\t\t<div class=\"elementor-element elementor-element-b8424bf elementor-widget__width-inherit elementor-hidden-desktop elementor-widget elementor-widget-html\" data-id=\"b8424bf\" data-element_type=\"widget\" data-e-type=\"widget\" data-widget_type=\"html.default\">\n\t\t\t\t\t<iframe aria-label=\"Das 1x1 der k\u00fcsntlichen Intelligenz in der Baubranche\" frameborder=\"0\" style=\"height:730px;width:100%;border:none;\" src=\"https:\/\/forms.zohopublic.eu\/syniotec1\/form\/WhitepaperCampaign\/formperma\/rbdDqbysdjka1Jy6GQpQFd69ijS-9-xCsNr01zGaW5g\"><\/iframe>\t\t\t\t<\/div>\n\t\t\t\t<\/div>\n\t\t\t\t\t<\/div>\n\t\t\t\t<\/div>\n\t\t<div class=\"elementor-element elementor-element-0134edc e-flex e-con-boxed e-con e-parent\" data-id=\"0134edc\" data-element_type=\"container\" data-e-type=\"container\">\n\t\t\t\t\t<div class=\"e-con-inner\">\n\t\t<div class=\"elementor-element elementor-element-4d0e376 e-con-full e-flex e-con e-child\" data-id=\"4d0e376\" data-element_type=\"container\" data-e-type=\"container\">\n\t\t\t\t<div class=\"elementor-element elementor-element-6dca41b elementor-widget__width-auto elementor-widget-tablet__width-inherit elementor-widget elementor-widget-heading\" data-id=\"6dca41b\" data-element_type=\"widget\" data-e-type=\"widget\" data-widget_type=\"heading.default\">\n\t\t\t\t\t<h2 class=\"elementor-heading-title elementor-size-default\">L'intelligence artificielle dans le secteur de la construction - T\u00e9l\u00e9charger gratuitement le livre blanc<\/h2>\t\t\t\t<\/div>\n\t\t\t\t<div class=\"elementor-element elementor-element-4e03fe5 elementor-widget elementor-widget-text-editor\" data-id=\"4e03fe5\" data-element_type=\"widget\" data-e-type=\"widget\" data-widget_type=\"text-editor.default\">\n\t\t\t\t\t\t\t\t\t<p><strong>Comment l&rsquo;IA peut-elle r\u00e9volutionner le secteur de la construction ?<\/strong><\/p><p>Dans notre livre blanc, d\u00e9couvrez les opportunit\u00e9s et les d\u00e9fis que l\u2019intelligence artificielle (IA) offre au secteur de la construction. De l\u2019optimisation des processus sur chantier \u00e0 la gestion automatis\u00e9e des machines et \u00e0 la num\u00e9risation des flux de travail, nous vous pr\u00e9sentons des cas d\u2019utilisation pratiques que vous pouvez mettre en \u0153uvre directement. <\/p><p><strong>Ce que vous apprenez dans le livre blanc :<\/strong><\/p><ul><li>Les bases de l&rsquo;intelligence artificielle pour l&rsquo;industrie de la construction<\/li><li>Cas d&rsquo;utilisation sp\u00e9cifiques pour les chantiers de construction, les soci\u00e9t\u00e9s de location de machines et les entreprises de construction<\/li><li>Meilleures pratiques pour une utilisation s\u00fbre et efficace de l&rsquo;IA<\/li><li>Protection des donn\u00e9es et conformit\u00e9 dans le cadre de l&rsquo;utilisation de l&rsquo;IA<\/li><li>\u00c9tapes strat\u00e9giques pour une int\u00e9gration r\u00e9ussie de l&rsquo;IA<\/li><\/ul>\t\t\t\t\t\t\t\t<\/div>\n\t\t\t\t<div class=\"elementor-element elementor-element-b7d22b2 elementor-widget__width-auto elementor-widget-tablet__width-inherit elementor-widget elementor-widget-heading\" data-id=\"b7d22b2\" data-element_type=\"widget\" data-e-type=\"widget\" data-widget_type=\"heading.default\">\n\t\t\t\t\t<h3 class=\"elementor-heading-title elementor-size-default\">Pourquoi ce livre blanc vous concerne-t-il ?<\/h3>\t\t\t\t<\/div>\n\t\t\t\t<div class=\"elementor-element elementor-element-793402d elementor-widget elementor-widget-text-editor\" data-id=\"793402d\" data-element_type=\"widget\" data-e-type=\"widget\" data-widget_type=\"text-editor.default\">\n\t\t\t\t\t\t\t\t\t<p>La num\u00e9risation s\u2019acc\u00e9l\u00e8re dans le secteur de la construction : ceux qui misent t\u00f4t sur l\u2019IA peuvent automatiser leurs processus, r\u00e9duire leurs co\u00fbts et travailler plus efficacement. Notre livre blanc vous apporte des perspectives pratiques sur l\u2019utilisation de l\u2019intelligence artificielle pour les entreprises de construction, les loueurs de machines et les chefs de chantier. D\u00e9couvrez comment des entreprises utilisent d\u00e9j\u00e0 l\u2019IA avec succ\u00e8s et quelles mesures sp\u00e9cifiques vous pouvez prendre pour pr\u00e9parer votre entreprise pour l\u2019avenir.  <\/p>\t\t\t\t\t\t\t\t<\/div>\n\t\t\t\t<\/div>\n\t\t\t\t\t<\/div>\n\t\t\t\t<\/div>\n\t\t\t\t<\/div>\n\t\t","protected":false},"excerpt":{"rendered":"<p>L&rsquo;intelligence artificielle dans le secteur de la construction &#8211; T\u00e9l\u00e9charger gratuitement<\/p>\n","protected":false},"author":2,"featured_media":0,"parent":0,"menu_order":0,"comment_status":"closed","ping_status":"closed","template":"","meta":{"footnotes":""},"class_list":["post-24245","page","type-page","status-publish","hentry"],"_links":{"self":[{"href":"https:\/\/syniotec.com\/fr\/wp-json\/wp\/v2\/pages\/24245","targetHints":{"allow":["GET"]}}],"collection":[{"href":"https:\/\/syniotec.com\/fr\/wp-json\/wp\/v2\/pages"}],"about":[{"href":"https:\/\/syniotec.com\/fr\/wp-json\/wp\/v2\/types\/page"}],"author":[{"embeddable":true,"href":"https:\/\/syniotec.com\/fr\/wp-json\/wp\/v2\/users\/2"}],"replies":[{"embeddable":true,"href":"https:\/\/syniotec.com\/fr\/wp-json\/wp\/v2\/comments?post=24245"}],"version-history":[{"count":1,"href":"https:\/\/syniotec.com\/fr\/wp-json\/wp\/v2\/pages\/24245\/revisions"}],"predecessor-version":[{"id":24246,"href":"https:\/\/syniotec.com\/fr\/wp-json\/wp\/v2\/pages\/24245\/revisions\/24246"}],"wp:attachment":[{"href":"https:\/\/syniotec.com\/fr\/wp-json\/wp\/v2\/media?parent=24245"}],"curies":[{"name":"wp","href":"https:\/\/api.w.org\/{rel}","templated":true}]}}