{"id":21976,"date":"2025-01-31T14:10:54","date_gmt":"2025-01-31T14:10:54","guid":{"rendered":"https:\/\/syniotec.com\/whitepaper\/"},"modified":"2026-04-30T10:09:37","modified_gmt":"2026-04-30T10:09:37","slug":"whitepaper","status":"publish","type":"page","link":"https:\/\/syniotec.com\/tr\/whitepaper\/","title":{"rendered":"Whitepaper"},"content":{"rendered":"\t\t<div data-elementor-type=\"wp-page\" data-elementor-id=\"21976\" class=\"elementor elementor-21976 elementor-11214\" data-elementor-post-type=\"page\">\n\t\t\t\t<div class=\"elementor-element elementor-element-86bb0d5 e-flex e-con-boxed e-con e-parent\" data-id=\"86bb0d5\" data-element_type=\"container\" data-e-type=\"container\">\n\t\t\t\t\t<div class=\"e-con-inner\">\n\t\t<div class=\"elementor-element elementor-element-e5cefa1 e-con-full e-flex e-con e-child\" data-id=\"e5cefa1\" data-element_type=\"container\" data-e-type=\"container\">\n\t\t<div class=\"elementor-element elementor-element-4de389d e-con-full e-flex e-con e-child\" data-id=\"4de389d\" data-element_type=\"container\" data-e-type=\"container\">\n\t\t\t\t<div class=\"elementor-element elementor-element-da31251 elementor-widget elementor-widget-heading\" data-id=\"da31251\" data-element_type=\"widget\" data-e-type=\"widget\" data-widget_type=\"heading.default\">\n\t\t\t\t\t<h1 class=\"elementor-heading-title elementor-size-default\">\u0130n\u015faat sekt\u00f6r\u00fcnde Yapay Zekan\u0131n 1x1'i<\/h1>\t\t\t\t<\/div>\n\t\t\t\t<div class=\"elementor-element elementor-element-a777de5 elementor-widget elementor-widget-text-editor\" data-id=\"a777de5\" data-element_type=\"widget\" data-e-type=\"widget\" data-widget_type=\"text-editor.default\">\n\t\t\t\t\t\t\t\t\t<p>Yapay zeka nedir? \u0130n\u015faat sekt\u00f6r\u00fcnde nas\u0131l kullan\u0131labilir? Ve yapay zekay\u0131 k\u00e2rl\u0131 bir \u015fekilde entegre etmek i\u00e7in hangi ad\u0131mlar gereklidir?  <\/p><p>&#8220;\u0130n\u015faat sekt\u00f6r\u00fcnde Yapay Zekan\u0131n 1&#215;1&#8217;i&#8221; ba\u015fl\u0131kl\u0131 \u00fccretsiz PDF dosyas\u0131n\u0131 indirin ve \u00f6\u011frenin!<\/p>\t\t\t\t\t\t\t\t<\/div>\n\t\t\t\t<div class=\"elementor-element elementor-element-938d853 elementor-widget-divider--view-line elementor-widget elementor-widget-divider\" data-id=\"938d853\" data-element_type=\"widget\" data-e-type=\"widget\" data-widget_type=\"divider.default\">\n\t\t\t\t\t\t\t<div class=\"elementor-divider\">\n\t\t\t<span class=\"elementor-divider-separator\">\n\t\t\t\t\t\t<\/span>\n\t\t<\/div>\n\t\t\t\t\t\t<\/div>\n\t\t\t\t<div class=\"elementor-element elementor-element-4b47ebf elementor-hidden-tablet elementor-hidden-mobile elementor-widget elementor-widget-html\" data-id=\"4b47ebf\" data-element_type=\"widget\" data-e-type=\"widget\" data-widget_type=\"html.default\">\n\t\t\t\t\t<iframe aria-label=\"Das 1x1 der k\u00fcsntlichen Intelligenz in der Baubranche\" frameborder=\"0\" style=\"height:730px;width:100%;border:none;\" src=\"https:\/\/forms.zohopublic.eu\/syniotec1\/form\/WhitepaperCampaign\/formperma\/rbdDqbysdjka1Jy6GQpQFd69ijS-9-xCsNr01zGaW5g\"><\/iframe>\t\t\t\t<\/div>\n\t\t\t\t<\/div>\n\t\t<div class=\"elementor-element elementor-element-479d59e e-con-full e-flex e-con e-child\" data-id=\"479d59e\" data-element_type=\"container\" data-e-type=\"container\">\n\t\t\t\t<div class=\"elementor-element elementor-element-57b34a5 elementor-icon-list--layout-traditional elementor-list-item-link-full_width elementor-widget elementor-widget-icon-list\" data-id=\"57b34a5\" data-element_type=\"widget\" data-e-type=\"widget\" data-widget_type=\"icon-list.default\">\n\t\t\t\t\t\t\t<ul class=\"elementor-icon-list-items\">\n\t\t\t\t\t\t\t<li class=\"elementor-icon-list-item\">\n\t\t\t\t\t\t\t\t\t\t\t<span class=\"elementor-icon-list-icon\">\n\t\t\t\t\t\t\t<svg aria-hidden=\"true\" class=\"e-font-icon-svg e-fas-check\" viewBox=\"0 0 512 512\" xmlns=\"http:\/\/www.w3.org\/2000\/svg\"><path d=\"M173.898 439.404l-166.4-166.4c-9.997-9.997-9.997-26.206 0-36.204l36.203-36.204c9.997-9.998 26.207-9.998 36.204 0L192 312.69 432.095 72.596c9.997-9.997 26.207-9.997 36.204 0l36.203 36.204c9.997 9.997 9.997 26.206 0 36.204l-294.4 294.401c-9.998 9.997-26.207 9.997-36.204-.001z\"><\/path><\/svg>\t\t\t\t\t\t<\/span>\n\t\t\t\t\t\t\t\t\t\t<span class=\"elementor-icon-list-text\">\u00dccretsiz ve pratik<\/span>\n\t\t\t\t\t\t\t\t\t<\/li>\n\t\t\t\t\t\t\t\t<li class=\"elementor-icon-list-item\">\n\t\t\t\t\t\t\t\t\t\t\t<span class=\"elementor-icon-list-icon\">\n\t\t\t\t\t\t\t<svg aria-hidden=\"true\" class=\"e-font-icon-svg e-fas-check\" viewBox=\"0 0 512 512\" xmlns=\"http:\/\/www.w3.org\/2000\/svg\"><path d=\"M173.898 439.404l-166.4-166.4c-9.997-9.997-9.997-26.206 0-36.204l36.203-36.204c9.997-9.998 26.207-9.998 36.204 0L192 312.69 432.095 72.596c9.997-9.997 26.207-9.997 36.204 0l36.203 36.204c9.997 9.997 9.997 26.206 0 36.204l-294.4 294.401c-9.998 9.997-26.207 9.997-36.204-.001z\"><\/path><\/svg>\t\t\t\t\t\t<\/span>\n\t\t\t\t\t\t\t\t\t\t<span class=\"elementor-icon-list-text\">\u0130n\u015faat sekt\u00f6r\u00fc i\u00e7in yapay zeka i\u00e7g\u00f6r\u00fcleri<\/span>\n\t\t\t\t\t\t\t\t\t<\/li>\n\t\t\t\t\t\t\t\t<li class=\"elementor-icon-list-item\">\n\t\t\t\t\t\t\t\t\t\t\t<span class=\"elementor-icon-list-icon\">\n\t\t\t\t\t\t\t<svg aria-hidden=\"true\" class=\"e-font-icon-svg e-fas-check\" viewBox=\"0 0 512 512\" xmlns=\"http:\/\/www.w3.org\/2000\/svg\"><path d=\"M173.898 439.404l-166.4-166.4c-9.997-9.997-9.997-26.206 0-36.204l36.203-36.204c9.997-9.998 26.207-9.998 36.204 0L192 312.69 432.095 72.596c9.997-9.997 26.207-9.997 36.204 0l36.203 36.204c9.997 9.997 9.997 26.206 0 36.204l-294.4 294.401c-9.998 9.997-26.207 9.997-36.204-.001z\"><\/path><\/svg>\t\t\t\t\t\t<\/span>\n\t\t\t\t\t\t\t\t\t\t<span class=\"elementor-icon-list-text\">En iyi uygulamalar ve kullan\u0131m \u00f6rnekleri<\/span>\n\t\t\t\t\t\t\t\t\t<\/li>\n\t\t\t\t\t\t<\/ul>\n\t\t\t\t\t\t<\/div>\n\t\t\t\t<div class=\"elementor-element elementor-element-8161ab4 elementor-widget elementor-widget-image\" data-id=\"8161ab4\" data-element_type=\"widget\" data-e-type=\"widget\" data-widget_type=\"image.default\">\n\t\t\t\t\t\t\t\t\t\t\t\t\t\t\t<img decoding=\"async\" src=\"https:\/\/syniotec.com\/wp-content\/uploads\/2025\/01\/syniotec-whitepaper-v2.webp\" title=\"\" alt=\"\" loading=\"lazy\" \/>\t\t\t\t\t\t\t\t\t\t\t\t\t\t\t<\/div>\n\t\t\t\t<\/div>\n\t\t\t\t<\/div>\n\t\t\t\t\t<\/div>\n\t\t\t\t<\/div>\n\t\t<div class=\"elementor-element elementor-element-8a15135 elementor-hidden-desktop e-flex e-con-boxed e-con e-parent\" data-id=\"8a15135\" data-element_type=\"container\" data-e-type=\"container\">\n\t\t\t\t\t<div class=\"e-con-inner\">\n\t\t<div class=\"elementor-element elementor-element-f60e863 e-con-full e-flex e-con e-child\" data-id=\"f60e863\" data-element_type=\"container\" data-e-type=\"container\">\n\t\t\t\t<div class=\"elementor-element elementor-element-b8424bf elementor-widget__width-inherit elementor-hidden-desktop elementor-widget elementor-widget-html\" data-id=\"b8424bf\" data-element_type=\"widget\" data-e-type=\"widget\" data-widget_type=\"html.default\">\n\t\t\t\t\t<iframe aria-label=\"Das 1x1 der k\u00fcsntlichen Intelligenz in der Baubranche\" frameborder=\"0\" style=\"height:730px;width:100%;border:none;\" src=\"https:\/\/forms.zohopublic.eu\/syniotec1\/form\/WhitepaperCampaign\/formperma\/rbdDqbysdjka1Jy6GQpQFd69ijS-9-xCsNr01zGaW5g\"><\/iframe>\t\t\t\t<\/div>\n\t\t\t\t<\/div>\n\t\t\t\t\t<\/div>\n\t\t\t\t<\/div>\n\t\t<div class=\"elementor-element elementor-element-0134edc e-flex e-con-boxed e-con e-parent\" data-id=\"0134edc\" data-element_type=\"container\" data-e-type=\"container\">\n\t\t\t\t\t<div class=\"e-con-inner\">\n\t\t<div class=\"elementor-element elementor-element-4d0e376 e-con-full e-flex e-con e-child\" data-id=\"4d0e376\" data-element_type=\"container\" data-e-type=\"container\">\n\t\t\t\t<div class=\"elementor-element elementor-element-6dca41b elementor-widget__width-auto elementor-widget-tablet__width-inherit elementor-widget elementor-widget-heading\" data-id=\"6dca41b\" data-element_type=\"widget\" data-e-type=\"widget\" data-widget_type=\"heading.default\">\n\t\t\t\t\t<h2 class=\"elementor-heading-title elementor-size-default\">\u0130n\u015faat sekt\u00f6r\u00fcnde yapay zeka - Teknik raporu \u015fimdi \u00fccretsiz indirin<\/h2>\t\t\t\t<\/div>\n\t\t\t\t<div class=\"elementor-element elementor-element-4e03fe5 elementor-widget elementor-widget-text-editor\" data-id=\"4e03fe5\" data-element_type=\"widget\" data-e-type=\"widget\" data-widget_type=\"text-editor.default\">\n\t\t\t\t\t\t\t\t\t<p><strong>Yapay zeka in\u015faat sekt\u00f6r\u00fcnde nas\u0131l devrim yaratabilir?<\/strong><\/p><p>Teknik raporumuzda, yapay zekan\u0131n (YZ) in\u015faat sekt\u00f6r\u00fc i\u00e7in sundu\u011fu f\u0131rsatlar\u0131 ve zorluklar\u0131 \u00f6\u011frenebilirsiniz. \u015eantiye s\u00fcre\u00e7lerinin optimizasyonundan otomatik makine y\u00f6netimine ve i\u015f ak\u0131\u015flar\u0131n\u0131n dijitalle\u015fmesine kadar, do\u011frudan uygulayabilece\u011finiz pratik kullan\u0131m senaryolar\u0131n\u0131 size g\u00f6steriyoruz. <\/p><p><strong>Teknik incelemede \u00f6\u011frenecekleriniz:<\/strong><\/p><ul><li>\u0130n\u015faat sekt\u00f6r\u00fc i\u00e7in yapay zekan\u0131n temelleri<\/li><li>\u015eantiyeler, makine kiralama \u015firketleri ve in\u015faat \u015firketleri i\u00e7in \u00f6zel kullan\u0131m durumlar\u0131<\/li><li>Yapay zekan\u0131n g\u00fcvenli ve verimli kullan\u0131m\u0131 i\u00e7in en iyi uygulamalar<\/li><li>Yapay zeka ile \u00e7al\u0131\u015f\u0131rken veri koruma ve uyumluluk<\/li><li>Ba\u015far\u0131l\u0131 yapay zeka entegrasyonu i\u00e7in stratejik ad\u0131mlar<\/li><\/ul>\t\t\t\t\t\t\t\t<\/div>\n\t\t\t\t<div class=\"elementor-element elementor-element-b7d22b2 elementor-widget__width-auto elementor-widget-tablet__width-inherit elementor-widget elementor-widget-heading\" data-id=\"b7d22b2\" data-element_type=\"widget\" data-e-type=\"widget\" data-widget_type=\"heading.default\">\n\t\t\t\t\t<h3 class=\"elementor-heading-title elementor-size-default\">Bu teknik rapor sizin i\u00e7in neden \u00f6nemli?<\/h3>\t\t\t\t<\/div>\n\t\t\t\t<div class=\"elementor-element elementor-element-793402d elementor-widget elementor-widget-text-editor\" data-id=\"793402d\" data-element_type=\"widget\" data-e-type=\"widget\" data-widget_type=\"text-editor.default\">\n\t\t\t\t\t\t\t\t\t<p>\u0130n\u015faat sekt\u00f6r\u00fcnde dijitalle\u015fme h\u0131z kazan\u0131yor; yapay zekaya erken g\u00fcvenenler s\u00fcre\u00e7leri otomatikle\u015ftirebilir, maliyetleri d\u00fc\u015f\u00fcrebilir ve daha verimli \u00e7al\u0131\u015fabilir. Teknik raporumuz, in\u015faat \u015firketleri, makine kiralama \u015firketleri ve \u015fantiye y\u00f6neticileri i\u00e7in yapay zekan\u0131n kullan\u0131m\u0131na dair pratik bilgiler sunar. \u015eirketlerin yapay zekay\u0131 halihaz\u0131rda nas\u0131l ba\u015far\u0131l\u0131 bir \u015fekilde kulland\u0131\u011f\u0131n\u0131 ve \u015firketinizi gelece\u011fe haz\u0131rlamak i\u00e7in hangi somut \u00f6nlemleri alabilece\u011finizi \u00f6\u011frenin.  <\/p>\t\t\t\t\t\t\t\t<\/div>\n\t\t\t\t<\/div>\n\t\t\t\t\t<\/div>\n\t\t\t\t<\/div>\n\t\t\t\t<\/div>\n\t\t","protected":false},"excerpt":{"rendered":"<p>\u0130n\u015faat sekt\u00f6r\u00fcnde yapay zeka &#8211; \u00dccretsiz indirin<\/p>\n","protected":false},"author":2,"featured_media":0,"parent":0,"menu_order":0,"comment_status":"closed","ping_status":"closed","template":"","meta":{"footnotes":""},"class_list":["post-21976","page","type-page","status-publish","hentry"],"_links":{"self":[{"href":"https:\/\/syniotec.com\/tr\/wp-json\/wp\/v2\/pages\/21976","targetHints":{"allow":["GET"]}}],"collection":[{"href":"https:\/\/syniotec.com\/tr\/wp-json\/wp\/v2\/pages"}],"about":[{"href":"https:\/\/syniotec.com\/tr\/wp-json\/wp\/v2\/types\/page"}],"author":[{"embeddable":true,"href":"https:\/\/syniotec.com\/tr\/wp-json\/wp\/v2\/users\/2"}],"replies":[{"embeddable":true,"href":"https:\/\/syniotec.com\/tr\/wp-json\/wp\/v2\/comments?post=21976"}],"version-history":[{"count":1,"href":"https:\/\/syniotec.com\/tr\/wp-json\/wp\/v2\/pages\/21976\/revisions"}],"predecessor-version":[{"id":21977,"href":"https:\/\/syniotec.com\/tr\/wp-json\/wp\/v2\/pages\/21976\/revisions\/21977"}],"wp:attachment":[{"href":"https:\/\/syniotec.com\/tr\/wp-json\/wp\/v2\/media?parent=21976"}],"curies":[{"name":"wp","href":"https:\/\/api.w.org\/{rel}","templated":true}]}}